{"id":72,"date":"2026-03-09T10:39:31","date_gmt":"2026-03-09T10:39:31","guid":{"rendered":"http:\/\/szkolastraszyn.pruszczgdanski.pl\/?page_id=72"},"modified":"2026-03-09T13:29:50","modified_gmt":"2026-03-09T13:29:50","slug":"rekrutacja","status":"publish","type":"page","link":"https:\/\/szkolastraszyn.pruszczgdanski.pl\/?page_id=72","title":{"rendered":"REKRUTACJA 2026\/2027"},"content":{"rendered":"\t\t<div data-elementor-type=\"wp-post\" data-elementor-id=\"72\" class=\"elementor elementor-72\">\n\t\t\t\t\t\t<section class=\"elementor-section elementor-top-section elementor-element elementor-element-7417cdd elementor-section-boxed elementor-section-height-default elementor-section-height-default\" data-id=\"7417cdd\" data-element_type=\"section\" data-e-type=\"section\">\n\t\t\t\t\t\t<div class=\"elementor-container elementor-column-gap-default\">\n\t\t\t\t\t<div class=\"elementor-column elementor-col-100 elementor-top-column elementor-element elementor-element-bed9c08\" data-id=\"bed9c08\" data-element_type=\"column\" data-e-type=\"column\">\n\t\t\t<div class=\"elementor-widget-wrap elementor-element-populated\">\n\t\t\t\t\t\t\t<\/div>\n\t\t<\/div>\n\t\t\t\t\t<\/div>\n\t\t<\/section>\n\t\t\t\t<section class=\"elementor-section elementor-top-section elementor-element elementor-element-6524288 elementor-section-boxed elementor-section-height-default elementor-section-height-default\" data-id=\"6524288\" data-element_type=\"section\" data-e-type=\"section\">\n\t\t\t\t\t\t<div class=\"elementor-container elementor-column-gap-default\">\n\t\t\t\t\t<div class=\"elementor-column elementor-col-100 elementor-top-column elementor-element elementor-element-c513f2d\" data-id=\"c513f2d\" data-element_type=\"column\" data-e-type=\"column\">\n\t\t\t<div class=\"elementor-widget-wrap elementor-element-populated\">\n\t\t\t\t\t\t<div class=\"elementor-element elementor-element-376518b elementor-widget elementor-widget-text-editor\" data-id=\"376518b\" data-element_type=\"widget\" data-e-type=\"widget\" data-widget_type=\"text-editor.default\">\n\t\t\t\t<div class=\"elementor-widget-container\">\n\t\t\t\t\t\t\t\t\t<h3 style=\"text-align: center;\">Rekrutacja do klas pierwszych w roku szkolnym 2026\/2027 odb\u0119dzie si\u0119\u00a0<br \/>w dniach\u00a0 <strong>08.04.2026 r. \u2013 22.05.2026 r.<\/strong><\/h3><h5 style=\"text-align: center;\">Komplet dokument\u00f3w rekrutacyjnych nale\u017cy pobra\u0107 z zak\u0142adki <strong><u>REKRUTACJA<\/u><\/strong> lub z sekretariatu szko\u0142y.<\/h5><p>Informacja <strong>o granicach obwod\u00f3w naszej szko\u0142y<\/strong> znajduje si\u0119 w \u00a0Dzienniku Urz\u0119dowym Wojew\u00f3dztwa Pomorskiego &#8211; uchwa\u0142a Nr XV\/39\/2025 Rady Gminy Pruszcz Gda\u0144ski z dnia 16 kwietnia 2025 r. w sprawie ustalenia planu sieci publicznych szk\u00f3\u0142 podstawowych prowadzonych przez Gmin\u0119 Pruszcz Gda\u0144ski oraz okre\u015blenia granic obwod\u00f3w publicznych szk\u00f3\u0142 podstawowych. Uchwa\u0142\u0119 zamieszczamy tak\u017ce poni\u017cej.<\/p><h5 style=\"text-align: left;\"><a href=\"https:\/\/szkolastraszyn.pruszczgdanski.pl\/?attachment_id=14355\" rel=\"attachment wp-att-14355\">Zg\u0142oszenie 26\/27 SP Straszyn<\/a><\/h5><h5 style=\"text-align: left;\"><a href=\"https:\/\/szkolastraszyn.pruszczgdanski.pl\/?attachment_id=14356\" rel=\"attachment wp-att-14356\">O\u015bwiadczenie woli 26\/27<\/a><\/h5><h5 style=\"text-align: left;\"><a href=\"https:\/\/szkolastraszyn.pruszczgdanski.pl\/?attachment_id=14357\" rel=\"attachment wp-att-14357\">O\u015bwiadczenie o miejscu zamieszkania 26\/27<\/a><\/h5><h5 style=\"text-align: left;\"><a href=\"https:\/\/szkolastraszyn.pruszczgdanski.pl\/?attachment_id=14365\" rel=\"attachment wp-att-14365\">Uchwa\u0142a o granicach obwod\u00f3w naszej szko\u0142y<\/a><\/h5>\t\t\t\t\t\t\t\t<\/div>\n\t\t\t\t<\/div>\n\t\t\t\t\t<\/div>\n\t\t<\/div>\n\t\t\t\t\t<\/div>\n\t\t<\/section>\n\t\t\t\t<\/div>\n\t\t","protected":false},"excerpt":{"rendered":"<p>Rekrutacja do klas pierwszych w roku szkolnym 2026\/2027 odb\u0119dzie si\u0119\u00a0w dniach\u00a0 08.04.2026 r. \u2013 22.05.2026 r. Komplet dokument\u00f3w rekrutacyjnych nale\u017cy pobra\u0107 z zak\u0142adki REKRUTACJA lub z sekretariatu szko\u0142y. Informacja o granicach obwod\u00f3w naszej szko\u0142y znajduje si\u0119 w \u00a0Dzienniku Urz\u0119dowym Wojew\u00f3dztwa Pomorskiego &#8211; uchwa\u0142a Nr XV\/39\/2025 Rady Gminy Pruszcz Gda\u0144ski z dnia 16 kwietnia 2025 r. w sprawie ustalenia planu sieci publicznych szk\u00f3\u0142 podstawowych prowadzonych przez Gmin\u0119 Pruszcz Gda\u0144ski oraz okre\u015blenia granic obwod\u00f3w publicznych szk\u00f3\u0142 podstawowych. Uchwa\u0142\u0119 zamieszczamy tak\u017ce poni\u017cej. Zg\u0142oszenie 26\/27 SP Straszyn O\u015bwiadczenie woli 26\/27 O\u015bwiadczenie o miejscu zamieszkania 26\/27 Uchwa\u0142a o granicach obwod\u00f3w naszej szko\u0142y<\/p>\n","protected":false},"author":1,"featured_media":0,"parent":0,"menu_order":0,"comment_status":"closed","ping_status":"closed","template":"","meta":{"footnotes":""},"class_list":["post-72","page","type-page","status-publish","hentry"],"_links":{"self":[{"href":"https:\/\/szkolastraszyn.pruszczgdanski.pl\/index.php?rest_route=\/wp\/v2\/pages\/72","targetHints":{"allow":["GET"]}}],"collection":[{"href":"https:\/\/szkolastraszyn.pruszczgdanski.pl\/index.php?rest_route=\/wp\/v2\/pages"}],"about":[{"href":"https:\/\/szkolastraszyn.pruszczgdanski.pl\/index.php?rest_route=\/wp\/v2\/types\/page"}],"author":[{"embeddable":true,"href":"https:\/\/szkolastraszyn.pruszczgdanski.pl\/index.php?rest_route=\/wp\/v2\/users\/1"}],"replies":[{"embeddable":true,"href":"https:\/\/szkolastraszyn.pruszczgdanski.pl\/index.php?rest_route=%2Fwp%2Fv2%2Fcomments&post=72"}],"version-history":[{"count":148,"href":"https:\/\/szkolastraszyn.pruszczgdanski.pl\/index.php?rest_route=\/wp\/v2\/pages\/72\/revisions"}],"predecessor-version":[{"id":14380,"href":"https:\/\/szkolastraszyn.pruszczgdanski.pl\/index.php?rest_route=\/wp\/v2\/pages\/72\/revisions\/14380"}],"wp:attachment":[{"href":"https:\/\/szkolastraszyn.pruszczgdanski.pl\/index.php?rest_route=%2Fwp%2Fv2%2Fmedia&parent=72"}],"curies":[{"name":"wp","href":"https:\/\/api.w.org\/{rel}","templated":true}]}}