{"id":6827,"date":"2021-09-24T07:38:22","date_gmt":"2021-09-24T07:38:22","guid":{"rendered":"http:\/\/szkolastraszyn.pruszczgdanski.pl\/?page_id=6827"},"modified":"2025-07-25T10:15:04","modified_gmt":"2025-07-25T10:15:04","slug":"rodo","status":"publish","type":"page","link":"https:\/\/szkolastraszyn.pruszczgdanski.pl\/?page_id=6827","title":{"rendered":"RODO"},"content":{"rendered":"\t\t<div data-elementor-type=\"wp-page\" data-elementor-id=\"6827\" class=\"elementor elementor-6827\">\n\t\t\t\t\t\t<section class=\"elementor-section elementor-top-section elementor-element elementor-element-2d68264a elementor-section-boxed elementor-section-height-default elementor-section-height-default\" data-id=\"2d68264a\" data-element_type=\"section\" data-e-type=\"section\">\n\t\t\t\t\t\t<div class=\"elementor-container elementor-column-gap-default\">\n\t\t\t\t\t<div class=\"elementor-column elementor-col-100 elementor-top-column elementor-element elementor-element-15f2ec79\" data-id=\"15f2ec79\" data-element_type=\"column\" data-e-type=\"column\">\n\t\t\t<div class=\"elementor-widget-wrap elementor-element-populated\">\n\t\t\t\t\t\t<div class=\"elementor-element elementor-element-7ebb719f elementor-widget elementor-widget-text-editor\" data-id=\"7ebb719f\" data-element_type=\"widget\" data-e-type=\"widget\" data-widget_type=\"text-editor.default\">\n\t\t\t\t<div class=\"elementor-widget-container\">\n\t\t\t\t\t\t\t\t\t<p>Spe\u0142nienie obowi\u0105zku informacyjnego (art. 13 RODO)<br \/>Administratorem danych osobowych jest Dyrektor Szko\u0142y Podstawowej w Straszynie im. Ignacego Krasickiego , ul. Starogardzka 48 , 83-010 Straszyn. Za kontakt odpowiedzialny jest Inspektor Ochrony Danych: e-mail: iodo@szkolastraszyn.pruszczgdanski.pl . Przetwarzamy Twoje dane na podstawie przepis\u00f3w prawa o\u015bwiatowego, wyra\u017conej \u00a0dobrowolnej zgody, zawartej umowy. Przetwarzamy nast\u0119puj\u0105ce dane: imi\u0119 i nazwisko, nr telefonu, data urodzenia\/wiek, dane adresowe, p\u0142e\u0107, pesel, miejsce pracy rodzic\u00f3w.\u00a0 Twoje dane osobowe powierzyli\u015bmy instytucjom realizuj\u0105cym niezb\u0119dne zadania z zakresu o\u015bwiaty (umowa powierzenia ).\u00a0\u00a0Dbamy o to, aby Twoje dane by\u0142y przetwarzane na terenie Europejskiego Obszaru Gospodarczego. Twoje Dane osobowe b\u0119d\u0105 przechowywane zgodnie z obowi\u0105zuj\u0105cym prawem o\u015bwiatowym (archiwizowanie) a zgody dobrowolne do zako\u0144czenia obowi\u0105zku szkolnego.\u00a0 Przys\u0142uguje Ci:<br \/>a) prawo dost\u0119pu do swoich danych oraz otrzymania ich kopii;<br \/>b) prawo do sprostowania (poprawiania) swoich danych;<br \/>c) prawo do usuni\u0119cia danych;<br \/>d) prawo do ograniczenia przetwarzania danych:<br \/>e) prawo do wniesienia sprzeciwu wobec przetwarzania danych\u2013 zaprzestaniemy przetwarzania<br \/>danych w tym celu;<br \/>f) prawo do przenoszenia danych:<br \/>g) prawo do wniesienia skargi do organu nadzorczego: je\u017celi uwa\u017casz, \u017ce przetwarzamy Twoje dane niezgodnie z prawem, mo\u017cesz z\u0142o\u017cy\u0107 w tej sprawie skarg\u0119 do Prezesa Urz\u0119du Ochrony Danych Osobowych \u00a0<br \/>h) prawo do cofni\u0119cia zgody na przetwarzanie danych osobowych:<br \/>W celu wykonania swoich praw skieruj \u017c\u0105danie pod adres email: iodo@szkolastraszyn.pruszczgdanski.pl<\/p>\n<p><!-- \/wp:paragraph --><\/p>\t\t\t\t\t\t\t\t<\/div>\n\t\t\t\t<\/div>\n\t\t\t\t\t<\/div>\n\t\t<\/div>\n\t\t\t\t\t<\/div>\n\t\t<\/section>\n\t\t\t\t<\/div>\n\t\t","protected":false},"excerpt":{"rendered":"<p>Spe\u0142nienie obowi\u0105zku informacyjnego (art. 13 RODO)Administratorem danych osobowych jest Dyrektor Szko\u0142y Podstawowej w Straszynie im. Ignacego Krasickiego , ul. Starogardzka 48 , 83-010 Straszyn. Za kontakt odpowiedzialny jest Inspektor Ochrony Danych: e-mail: iodo@szkolastraszyn.pruszczgdanski.pl . Przetwarzamy Twoje dane na podstawie przepis\u00f3w prawa o\u015bwiatowego, wyra\u017conej \u00a0dobrowolnej zgody, zawartej umowy. Przetwarzamy nast\u0119puj\u0105ce dane: imi\u0119 i nazwisko, nr telefonu, data urodzenia\/wiek, dane adresowe, p\u0142e\u0107, pesel, miejsce pracy rodzic\u00f3w.\u00a0 Twoje dane osobowe powierzyli\u015bmy instytucjom realizuj\u0105cym niezb\u0119dne zadania z zakresu o\u015bwiaty (umowa powierzenia ).\u00a0\u00a0Dbamy o to, aby Twoje dane by\u0142y przetwarzane na terenie Europejskiego Obszaru Gospodarczego. Twoje Dane osobowe b\u0119d\u0105 przechowywane zgodnie z obowi\u0105zuj\u0105cym prawem o\u015bwiatowym (archiwizowanie) a zgody dobrowolne do zako\u0144czenia obowi\u0105zku szkolnego.\u00a0 Przys\u0142uguje Ci:a) prawo dost\u0119pu do swoich danych oraz otrzymania ich kopii;b) prawo do sprostowania (poprawiania) swoich danych;c) prawo do usuni\u0119cia danych;d) prawo do ograniczenia przetwarzania danych:e) prawo do wniesienia sprzeciwu wobec przetwarzania danych\u2013 zaprzestaniemy przetwarzaniadanych w tym celu;f) prawo do przenoszenia danych:g) prawo do wniesienia skargi do organu nadzorczego: je\u017celi uwa\u017casz, \u017ce przetwarzamy Twoje dane niezgodnie z prawem, mo\u017cesz z\u0142o\u017cy\u0107 w tej sprawie skarg\u0119 do Prezesa Urz\u0119du Ochrony Danych Osobowych \u00a0h) prawo do cofni\u0119cia zgody na przetwarzanie danych osobowych:W celu wykonania swoich praw skieruj \u017c\u0105danie pod adres email: iodo@szkolastraszyn.pruszczgdanski.pl<\/p>\n","protected":false},"author":1,"featured_media":0,"parent":0,"menu_order":0,"comment_status":"closed","ping_status":"closed","template":"","meta":{"footnotes":""},"class_list":["post-6827","page","type-page","status-publish","hentry"],"_links":{"self":[{"href":"https:\/\/szkolastraszyn.pruszczgdanski.pl\/index.php?rest_route=\/wp\/v2\/pages\/6827","targetHints":{"allow":["GET"]}}],"collection":[{"href":"https:\/\/szkolastraszyn.pruszczgdanski.pl\/index.php?rest_route=\/wp\/v2\/pages"}],"about":[{"href":"https:\/\/szkolastraszyn.pruszczgdanski.pl\/index.php?rest_route=\/wp\/v2\/types\/page"}],"author":[{"embeddable":true,"href":"https:\/\/szkolastraszyn.pruszczgdanski.pl\/index.php?rest_route=\/wp\/v2\/users\/1"}],"replies":[{"embeddable":true,"href":"https:\/\/szkolastraszyn.pruszczgdanski.pl\/index.php?rest_route=%2Fwp%2Fv2%2Fcomments&post=6827"}],"version-history":[{"count":7,"href":"https:\/\/szkolastraszyn.pruszczgdanski.pl\/index.php?rest_route=\/wp\/v2\/pages\/6827\/revisions"}],"predecessor-version":[{"id":13663,"href":"https:\/\/szkolastraszyn.pruszczgdanski.pl\/index.php?rest_route=\/wp\/v2\/pages\/6827\/revisions\/13663"}],"wp:attachment":[{"href":"https:\/\/szkolastraszyn.pruszczgdanski.pl\/index.php?rest_route=%2Fwp%2Fv2%2Fmedia&parent=6827"}],"curies":[{"name":"wp","href":"https:\/\/api.w.org\/{rel}","templated":true}]}}