{"id":5565,"date":"2020-10-13T08:03:00","date_gmt":"2020-10-13T08:03:00","guid":{"rendered":"http:\/\/szkolastraszyn.pruszczgdanski.pl\/?page_id=5565"},"modified":"2026-02-20T11:43:33","modified_gmt":"2026-02-20T11:43:33","slug":"deklaracja-dostepnosci","status":"publish","type":"page","link":"https:\/\/szkolastraszyn.pruszczgdanski.pl\/?page_id=5565","title":{"rendered":"Deklaracja dost\u0119pno\u015bci"},"content":{"rendered":"\t\t<div data-elementor-type=\"wp-page\" data-elementor-id=\"5565\" class=\"elementor elementor-5565\">\n\t\t\t\t\t\t<section class=\"elementor-section elementor-top-section elementor-element elementor-element-6e4513e3 elementor-section-boxed elementor-section-height-default elementor-section-height-default\" data-id=\"6e4513e3\" data-element_type=\"section\" data-e-type=\"section\">\n\t\t\t\t\t\t<div class=\"elementor-container elementor-column-gap-default\">\n\t\t\t\t\t<div class=\"elementor-column elementor-col-100 elementor-top-column elementor-element elementor-element-4e299248\" data-id=\"4e299248\" data-element_type=\"column\" data-e-type=\"column\">\n\t\t\t<div class=\"elementor-widget-wrap elementor-element-populated\">\n\t\t\t\t\t\t<div class=\"elementor-element elementor-element-db63e92 elementor-widget elementor-widget-text-editor\" data-id=\"db63e92\" data-element_type=\"widget\" data-e-type=\"widget\" data-widget_type=\"text-editor.default\">\n\t\t\t\t<div class=\"elementor-widget-container\">\n\t\t\t\t\t\t\t\t\t<p><a href=\"https:\/\/szkolastraszyn.pruszczgdanski.pl\/?attachment_id=14283\" rel=\"attachment wp-att-14283\">Raport o stanie zapewniania dost\u0119pno\u015bci podmiotu publicznego (stan w dniu 01.01.2025r.)<\/a><\/p>\t\t\t\t\t\t\t\t<\/div>\n\t\t\t\t<\/div>\n\t\t\t\t<div class=\"elementor-element elementor-element-3900bef elementor-widget elementor-widget-text-editor\" data-id=\"3900bef\" data-element_type=\"widget\" data-e-type=\"widget\" data-widget_type=\"text-editor.default\">\n\t\t\t\t<div class=\"elementor-widget-container\">\n\t\t\t\t\t\t\t\t\t<p style=\"text-align: center;\"><b>Realizacja Programu &#8222;DOST\u0118PNA PRZESTRZE\u0143 PUBLICZNA&#8221;<\/b><\/p>\n<p>Szko\u0142a podstawowa w okresie 01.10 \u2013 29.12.2023r. realizowa\u0142a program<em>\u00a0Dost\u0119pna Przestrze\u0144 Publiczna<br \/><\/em>(<strong>Modu\u0142 A<\/strong>)<\/p>\n<p>W ramach jego realizacji ca\u0142kowite koszty projektu wynios\u0142y: 25\u00a0800,00 z\u0142<br \/><strong>Kwota dofinansowania przekazana przez PFRON wynios\u0142a: 20\u00a0640,00 z\u0142<\/strong><\/p>\n<p><strong>Zakres dostosowa\u0144 oraz dost\u0119pno\u015bci us\u0142ug uruchomionych na skutek otrzymania dofinansowania<\/strong>:<br \/>dost\u0119pno\u015b\u0107 informacyjno-komunikacyjna:<\/p>\n<ul>\n<li>zapewnienie informacji na temat rozk\u0142adu pomieszcze\u0144 w budynku w spos\u00f3b wizualny i dotykowy poprzez umieszczenie tabliczek w j\u0119zyku braille\u2019a, plan\u00f3w tyflograficznych oraz paneli informacyjnych z p\u0142yty kompozytowej,<\/li>\n<li>zapewnienie dost\u0119pno\u015bci komunikacyjno-informacyjnej w sekretariacie szko\u0142y poprzez zakup urz\u0105dzenia do obs\u0142ugi os\u00f3b s\u0142abos\u0142ysz\u0105cych (p\u0119tla indukcyjna),<\/li>\n<li>zapewnienie na stronie internetowej informacji o zakresie jej dzia\u0142alno\u015bci w postaci filmu z tre\u015bci\u0105 w j\u0119zyku migowym oraz g\u0142osowym \u2013 dla os\u00f3b z ograniczeniami s\u0142uchu i wzroku.<\/li>\n<\/ul>\n<p>Dzi\u0119ki realizacji projektu mo\u017cliwe by\u0142o podj\u0119cie dzia\u0142a\u0144 zwi\u0119kszaj\u0105cych dost\u0119pno\u015b\u0107 obiektu<br \/>w zakresie dost\u0119pno\u015bci informacyjno-komunikacyjnej. Mo\u017cliwy by\u0142 zakup sprz\u0119tu, materia\u0142\u00f3w informacyjnych oraz us\u0142ugi. Zakupiono tabliczki z alfabetem Braille\u2019a do oznakowania pomieszcze\u0144, plany tyflograficzne oraz panele z p\u0142yty kompozytowej, pozwalaj\u0105ce uzyska\u0107 informacji o rozk\u0142adzie pomieszcze\u0144 w spos\u00f3b wizualny i dotykowy. Dzi\u0119ki stworzeniu nagrania wideo w j\u0119zyku migowym (z dodanym d\u017awi\u0119kiem i tekstem) mo\u017cliwe by\u0142o przekazanie tre\u015bci o zakresie dzia\u0142alno\u015bci szko\u0142y, zwi\u0119kszaj\u0105c przy tym dost\u0119pno\u015b\u0107 \u00a0strony internetowej. Zakupiono te\u017c p\u0119tl\u0119 indukcyjn\u0105 do sekretariatu. Urz\u0105dzenie to pozwoli lepiej obs\u0142ugiwa\u0107 osoby s\u0142abos\u0142ysz\u0105ce. Wszystkie te dzia\u0142ania pozwoli\u0142y na zwi\u0119kszenie dost\u0119pno\u015bci dla os\u00f3b z r\u00f3\u017cnymi ograniczeniami. Projekt zosta\u0142 realizowany zgodnie z umow\u0105 PPA\/000018\/11\/D z 05.12.2023r.<\/p>\t\t\t\t\t\t\t\t<\/div>\n\t\t\t\t<\/div>\n\t\t\t\t<div class=\"elementor-element elementor-element-a541aa3 elementor-widget elementor-widget-image\" data-id=\"a541aa3\" data-element_type=\"widget\" data-e-type=\"widget\" data-widget_type=\"image.default\">\n\t\t\t\t<div class=\"elementor-widget-container\">\n\t\t\t\t\t\t\t\t\t\t\t\t\t\t\t\t<a href=\"https:\/\/szkolastraszyn.pruszczgdanski.pl\/wp-content\/uploads\/2024\/02\/DPPplakat.pdf\">\n\t\t\t\t\t\t\t<img fetchpriority=\"high\" decoding=\"async\" width=\"724\" height=\"1024\" src=\"https:\/\/szkolastraszyn.pruszczgdanski.pl\/wp-content\/uploads\/2024\/04\/PLAKAT-Straszyn-Dostepna-Przestrzen-724x1024.jpg\" class=\"attachment-large size-large wp-image-12069\" alt=\"\" srcset=\"https:\/\/szkolastraszyn.pruszczgdanski.pl\/wp-content\/uploads\/2024\/04\/PLAKAT-Straszyn-Dostepna-Przestrzen-724x1024.jpg 724w, https:\/\/szkolastraszyn.pruszczgdanski.pl\/wp-content\/uploads\/2024\/04\/PLAKAT-Straszyn-Dostepna-Przestrzen-212x300.jpg 212w, https:\/\/szkolastraszyn.pruszczgdanski.pl\/wp-content\/uploads\/2024\/04\/PLAKAT-Straszyn-Dostepna-Przestrzen-768x1086.jpg 768w, https:\/\/szkolastraszyn.pruszczgdanski.pl\/wp-content\/uploads\/2024\/04\/PLAKAT-Straszyn-Dostepna-Przestrzen-1086x1536.jpg 1086w, https:\/\/szkolastraszyn.pruszczgdanski.pl\/wp-content\/uploads\/2024\/04\/PLAKAT-Straszyn-Dostepna-Przestrzen-1448x2048.jpg 1448w, https:\/\/szkolastraszyn.pruszczgdanski.pl\/wp-content\/uploads\/2024\/04\/PLAKAT-Straszyn-Dostepna-Przestrzen-1140x1612.jpg 1140w, https:\/\/szkolastraszyn.pruszczgdanski.pl\/wp-content\/uploads\/2024\/04\/PLAKAT-Straszyn-Dostepna-Przestrzen-scaled.jpg 1810w\" sizes=\"(max-width: 724px) 100vw, 724px\" \/>\t\t\t\t\t\t\t\t<\/a>\n\t\t\t\t\t\t\t\t\t\t\t\t\t\t\t<\/div>\n\t\t\t\t<\/div>\n\t\t\t\t<div class=\"elementor-element elementor-element-5a25deeb elementor-widget elementor-widget-text-editor\" data-id=\"5a25deeb\" data-element_type=\"widget\" data-e-type=\"widget\" data-widget_type=\"text-editor.default\">\n\t\t\t\t<div class=\"elementor-widget-container\">\n\t\t\t\t\t\t\t\t\t<p><\/p>\n<p id=\"a11y-wstep\">Szko\u0142a Podstawowa im. I. Krasickiego w Straszynie zobowi\u0105zuje si\u0119 zapewni\u0107 dost\u0119pno\u015b\u0107 swojej strony internetowej zgodnie z przepisami ustawy z dnia 4 kwietnia 2019 r. o dost\u0119pno\u015bci cyfrowej stron internetowych i aplikacji mobilnych podmiot\u00f3w publicznych. O\u015bwiadczenie w sprawie dost\u0119pno\u015bci ma zastosowanie do strony internetowej <a href=\"https:\/\/szkolastraszyn.pruszczgdanski.pl\/\">niniejszej plac\u00f3wki<\/a>.<\/p>\n<p><\/p>\n<p><\/p>\n<ul class=\"wp-block-list\">\n<li>Data publikacji strony internetowej: 2018-09-01<\/li>\n<li>Data ostatniej istotnej aktualizacji: 2023-09-01<\/li>\n<\/ul>\n<p><\/p>\n<p><\/p>\n<h2 class=\"wp-block-heading\">Status pod wzgl\u0119dem zgodno\u015bci z ustaw\u0105<\/h2>\n<p><\/p>\n<p><\/p>\n<p>Strona internetowa jest <strong>cz\u0119\u015bciowo zgodna<\/strong> z ustaw\u0105 o dost\u0119pno\u015bci cyfrowej stron internetowych i aplikacji mobilnych podmiot\u00f3w publicznych z powodu niezgodno\u015bci lub wy\u0142\u0105cze\u0144 wymienionych poni\u017cej.<\/p>\n<p><\/p>\n<p><\/p>\n<h3 class=\"wp-block-heading\">Tre\u015bci niedost\u0119pne<\/h3>\n<p><\/p>\n<p><\/p>\n<ul class=\"wp-block-list\">\n<li>Wybrane tre\u015bci mog\u0105 by\u0107 niezgodne z wytycznymi dla dost\u0119pno\u015bci tre\u015bci internetowych 2.1, w takim zakresie jak<\/li>\n<li>Postrzegalno\u015b\u0107 (m.in. brak dost\u0119pno\u015bci cz\u0119\u015bci medi\u00f3w zmiennych w czasie, cz\u0119\u015bciowy brak alternatywy w postaci tekstu, brak cz\u0119\u015bci u\u0142atwie\u0144 w percepcji tre\u015bci), funkcjonalno\u015b\u0107 (m.in. nie na wszystkich stronach wyst\u0119puje pe\u0142na dost\u0119pno\u015b\u0107 z klawiatury, pe\u0142nej dost\u0119pno\u015bci sposob\u00f3w wprowadzania danych),<\/li>\n<li>Przewidywalno\u015b\u0107 (m.in. niepe\u0142na jednolito\u015b\u0107 nawigacji i identyfikacji).<\/li>\n<\/ul>\n<p><\/p>\n<p><\/p>\n<h3 class=\"wp-block-heading\">Wy\u0142\u0105czenia<\/h3>\n<p><\/p>\n<p><\/p>\n<ul class=\"wp-block-list\">\n<li>Filmy i multimedia, kt\u00f3re zosta\u0142y opublikowane przed wej\u015bciem w \u017cycie ustawy. Przygotowanie ich pe\u0142nej dost\u0119pno\u015bci wi\u0105za\u0142oby si\u0119 z nadmiernym obci\u0105\u017ceniem dla podmiotu publicznego. Mapy s\u0105 wy\u0142\u0105czone z obowi\u0105zku zapewniania dost\u0119pno\u015bci.<\/li>\n<\/ul>\n<p><\/p>\n<p><\/p>\n<h3 class=\"wp-block-heading\">Przygotowanie deklaracji w sprawie dost\u0119pno\u015bci<\/h3>\n<p><\/p>\n<p><\/p>\n<ul class=\"wp-block-list\">\n<li>Deklaracj\u0119 sporz\u0105dzono dnia: 2019-09-01<\/li>\n<li>Deklaracj\u0119 zosta\u0142a ostatnio poddana przegl\u0105dowi i aktualizacji dnia: 2026-02-20<\/li>\n<\/ul>\n<p><\/p>\n<p><\/p>\n<p>Deklaracj\u0119 sporz\u0105dzono na podstawie samooceny.<\/p>\n<p><\/p>\n<p><\/p>\n<h2 class=\"wp-block-heading\">Skr\u00f3ty klawiszowe<\/h2>\n<p><\/p>\n<p><\/p>\n<ul class=\"wp-block-list\">\n<li>Na stronie internetowej mo\u017cna u\u017cywa\u0107 standardowych skr\u00f3t\u00f3w klawiaturowych przegl\u0105darki.<\/li>\n<\/ul>\n<p><\/p>\n<p><\/p>\n<h2 class=\"wp-block-heading\" id=\"a11y-kontakt\">Informacje zwrotne i dane kontaktowe<\/h2>\n<p><\/p>\n<p><\/p>\n<ul class=\"wp-block-list\">\n<li>Za rozpatrywanie uwag i wniosk\u00f3w odpowiada Dyrektor Plac\u00f3wki szkolastraszyn@gmail.com<\/li>\n<li>Telefon: 58 682-89-66<\/li>\n<\/ul>\n<p><\/p>\n<p><\/p>\n<p id=\"a11y-procedura\">Ka\u017cdy ma prawo:<\/p>\n<p><\/p>\n<p><\/p>\n<ul class=\"wp-block-list\">\n<li>zg\u0142osi\u0107 uwagi dotycz\u0105ce dost\u0119pno\u015bci cyfrowej strony lub jej elementu,<\/li>\n<li>zg\u0142osi\u0107 \u017c\u0105danie zapewnienia dost\u0119pno\u015bci cyfrowej strony lub jej elementu,<\/li>\n<li>wnioskowa\u0107 o udost\u0119pnienie niedost\u0119pnej informacji w innej alternatywnej formie.<\/li>\n<\/ul>\n<p><\/p>\n<p><\/p>\n<p>\u017b\u0105danie musi zawiera\u0107:<\/p>\n<p><\/p>\n<p><\/p>\n<ul class=\"wp-block-list\">\n<li>dane kontaktowe osoby zg\u0142aszaj\u0105cej,<\/li>\n<li>wskazanie strony lub elementu strony, kt\u00f3rej dotyczy \u017c\u0105danie,<\/li>\n<li>wskazanie dogodnej formy udost\u0119pnienia informacji, je\u015bli \u017c\u0105danie dotyczy udost\u0119pnienia w formie alternatywnej informacji niedost\u0119pnej.<\/li>\n<\/ul>\n<p><\/p>\n<p><\/p>\n<p>Rozpatrzenie zg\u0142oszenia powinno nast\u0105pi\u0107 niezw\u0142ocznie, najp\u00f3\u017aniej w ci\u0105gu 7 dni. Je\u015bli w tym terminie zapewnienie dost\u0119pno\u015bci albo zapewnienie dost\u0119pu w alternatywnej formie nie jest mo\u017cliwe, powinno nast\u0105pi\u0107 najdalej w ci\u0105gu 2 miesi\u0119cy od daty zg\u0142oszenia.<\/p>\n<p><\/p>\n<p><\/p>\n<h3 class=\"wp-block-heading\">Skargi i odwo\u0142ania<\/h3>\n<p><\/p>\n<p><\/p>\n<p>Na niedotrzymanie tych termin\u00f3w oraz na odmow\u0119 realizacji \u017c\u0105dania mo\u017cna z\u0142o\u017cy\u0107 skarg\u0119 do organu nadzoruj\u0105cego poczt\u0105 lub drog\u0105 elektroniczn\u0105 na adres:<\/p>\n<p><\/p>\n<p><\/p>\n<ul class=\"wp-block-list\">\n<li>Organ nadzoruj\u0105cy: Gmina Pruszcz Gda\u0144ski<\/li>\n<li>Adres: ul. Zak\u0105tek 1, 83-000 Juszkowo<\/li>\n<\/ul>\n<p><\/p>\n<p><\/p>\n<p>Skarg\u0119 mo\u017cna z\u0142o\u017cy\u0107 r\u00f3wnie\u017c do <a href=\"https:\/\/www.rpo.gov.pl\/content\/jak-zglosic-sie-do-rzecznika-praw-obywatelskich\">Rzecznika Praw Obywatelskich<\/a>.<\/p>\n<p><\/p>\n<p><\/p>\n<h2 class=\"wp-block-heading\" id=\"a11y-architektura\">Dost\u0119pno\u015b\u0107 architektoniczna<\/h2>\n<p>\u00a0<\/p>\n<audio class=\"wp-audio-shortcode\" id=\"audio-5565-1\" preload=\"none\" style=\"width: 100%;\" controls=\"controls\"><source type=\"audio\/mpeg\" src=\"https:\/\/szkolastraszyn.pruszczgdanski.pl\/wp-content\/uploads\/2023\/03\/nagranie-SZKOLA.mp3?_=1\" \/><a href=\"https:\/\/szkolastraszyn.pruszczgdanski.pl\/wp-content\/uploads\/2023\/03\/nagranie-SZKOLA.mp3\">https:\/\/szkolastraszyn.pruszczgdanski.pl\/wp-content\/uploads\/2023\/03\/nagranie-SZKOLA.mp3<\/a><\/audio>\n<p><\/p>\n<p><\/p>\n<p>OPIS BUDYNKU PRZY UL. Starogardzkiej 48<\/p>\n<p><\/p>\n<p><\/p>\n<p>Dojazd: Do siedziby mo\u017cna dotrze\u0107 autobusami gminnymi (Przewo\u017anik Albatros) i PKS Starogard. Rozk\u0142ad jazdy Transportu znajduje si\u0119 na stronach przewo\u017anik\u00f3w. Wok\u00f3\u0142 siedziby istniej\u0105 dwa darmowe parkingi.<\/p>\n<p><\/p>\n<p><\/p>\n<p>Opis og\u00f3lny budynku: Przed g\u0142\u00f3wnym wej\u015bciem do budynku znajduje si\u0119 wydzielone miejsce parkingowe dla os\u00f3b niepe\u0142nosprawnych oznaczone pionowo i poziomo. Jest jedno g\u0142\u00f3wne wej\u015bcie. W szkole znajduj\u0105 si\u0119 podjazdy dla os\u00f3b niepe\u0142nosprawnych oraz czynne dwie windy. Przy schodach znajduj\u0105 si\u0119 barierki. Wydzielone s\u0105 \u015bcie\u017cki ewakuacyjne z tabliczkami oraz \u015bwiat\u0142ami awaryjnymi.<\/p>\n<p><\/p>\n<p><\/p>\n<p>Dziennik Podawczy: Dziennik Podawczy znajduje si\u0119 w sekretariacie szko\u0142y.<\/p>\n<p><\/p>\n<p><\/p>\n<p><\/p>\n<p><\/p>\n<h3 class=\"wp-block-heading\">U\u0142atwienia<\/h3>\n<p><\/p>\n<p><\/p>\n<p>Pomocy w kontakcie udzielaj\u0105 bezpo\u015brednio pracownicy szko\u0142y. W sekretariacie szko\u0142y znajduje si\u0119 p\u0119tla indukcyjna dla os\u00f3b z ograniczeniami s\u0142uchu. Na terenie szko\u0142y znajduj\u0105 si\u0119 dwie windy (w skrzydle A i w skrzydle C).<\/p>\t\t\t\t\t\t\t\t<\/div>\n\t\t\t\t<\/div>\n\t\t\t\t\t<\/div>\n\t\t<\/div>\n\t\t\t\t\t<\/div>\n\t\t<\/section>\n\t\t\t\t<section class=\"elementor-section elementor-top-section elementor-element elementor-element-bbc1b2f elementor-section-boxed elementor-section-height-default elementor-section-height-default\" data-id=\"bbc1b2f\" data-element_type=\"section\" data-e-type=\"section\">\n\t\t\t\t\t\t<div class=\"elementor-container elementor-column-gap-default\">\n\t\t\t\t\t<div class=\"elementor-column elementor-col-100 elementor-top-column elementor-element elementor-element-7df9188\" data-id=\"7df9188\" data-element_type=\"column\" data-e-type=\"column\">\n\t\t\t<div class=\"elementor-widget-wrap\">\n\t\t\t\t\t\t\t<\/div>\n\t\t<\/div>\n\t\t\t\t\t<\/div>\n\t\t<\/section>\n\t\t\t\t<section class=\"elementor-section elementor-top-section elementor-element elementor-element-f7895b1 elementor-section-boxed elementor-section-height-default elementor-section-height-default\" data-id=\"f7895b1\" data-element_type=\"section\" data-e-type=\"section\">\n\t\t\t\t\t\t<div class=\"elementor-container elementor-column-gap-default\">\n\t\t\t\t\t<div class=\"elementor-column elementor-col-100 elementor-top-column elementor-element elementor-element-0d4e3df\" data-id=\"0d4e3df\" data-element_type=\"column\" data-e-type=\"column\">\n\t\t\t<div class=\"elementor-widget-wrap\">\n\t\t\t\t\t\t\t<\/div>\n\t\t<\/div>\n\t\t\t\t\t<\/div>\n\t\t<\/section>\n\t\t\t\t<section class=\"elementor-section elementor-top-section elementor-element elementor-element-c375be4 elementor-section-boxed elementor-section-height-default elementor-section-height-default\" data-id=\"c375be4\" data-element_type=\"section\" data-e-type=\"section\">\n\t\t\t\t\t\t<div class=\"elementor-container elementor-column-gap-default\">\n\t\t\t\t\t<div class=\"elementor-column elementor-col-100 elementor-top-column elementor-element elementor-element-4dff4ec\" data-id=\"4dff4ec\" data-element_type=\"column\" data-e-type=\"column\">\n\t\t\t<div class=\"elementor-widget-wrap\">\n\t\t\t\t\t\t\t<\/div>\n\t\t<\/div>\n\t\t\t\t\t<\/div>\n\t\t<\/section>\n\t\t\t\t<section class=\"elementor-section elementor-top-section elementor-element elementor-element-f9b23d5 elementor-section-boxed elementor-section-height-default elementor-section-height-default\" data-id=\"f9b23d5\" data-element_type=\"section\" data-e-type=\"section\">\n\t\t\t\t\t\t<div class=\"elementor-container elementor-column-gap-default\">\n\t\t\t\t\t<div class=\"elementor-column elementor-col-100 elementor-top-column elementor-element elementor-element-4c09154\" data-id=\"4c09154\" data-element_type=\"column\" data-e-type=\"column\">\n\t\t\t<div class=\"elementor-widget-wrap\">\n\t\t\t\t\t\t\t<\/div>\n\t\t<\/div>\n\t\t\t\t\t<\/div>\n\t\t<\/section>\n\t\t\t\t<\/div>\n\t\t","protected":false},"excerpt":{"rendered":"<p>Raport o stanie zapewniania dost\u0119pno\u015bci podmiotu publicznego (stan w dniu 01.01.2025r.) Realizacja Programu &#8222;DOST\u0118PNA PRZESTRZE\u0143 PUBLICZNA&#8221; Szko\u0142a podstawowa w okresie 01.10 \u2013 29.12.2023r. realizowa\u0142a program\u00a0Dost\u0119pna Przestrze\u0144 Publiczna(Modu\u0142 A) W ramach jego realizacji ca\u0142kowite koszty projektu wynios\u0142y: 25\u00a0800,00 z\u0142Kwota dofinansowania przekazana przez PFRON wynios\u0142a: 20\u00a0640,00 z\u0142 Zakres dostosowa\u0144 oraz dost\u0119pno\u015bci us\u0142ug uruchomionych na skutek otrzymania dofinansowania:dost\u0119pno\u015b\u0107 informacyjno-komunikacyjna: zapewnienie informacji na temat rozk\u0142adu pomieszcze\u0144 w budynku w spos\u00f3b wizualny i dotykowy poprzez umieszczenie tabliczek w j\u0119zyku braille\u2019a, plan\u00f3w tyflograficznych oraz paneli informacyjnych z p\u0142yty kompozytowej, zapewnienie dost\u0119pno\u015bci komunikacyjno-informacyjnej w sekretariacie szko\u0142y poprzez zakup urz\u0105dzenia do obs\u0142ugi os\u00f3b s\u0142abos\u0142ysz\u0105cych (p\u0119tla indukcyjna), zapewnienie na stronie internetowej informacji o zakresie jej dzia\u0142alno\u015bci w postaci filmu z tre\u015bci\u0105 w j\u0119zyku migowym oraz g\u0142osowym \u2013 dla os\u00f3b z ograniczeniami s\u0142uchu i wzroku. Dzi\u0119ki realizacji projektu mo\u017cliwe by\u0142o podj\u0119cie dzia\u0142a\u0144 zwi\u0119kszaj\u0105cych dost\u0119pno\u015b\u0107 obiektuw zakresie dost\u0119pno\u015bci informacyjno-komunikacyjnej. Mo\u017cliwy by\u0142 zakup sprz\u0119tu, materia\u0142\u00f3w informacyjnych oraz us\u0142ugi. Zakupiono tabliczki z alfabetem Braille\u2019a do oznakowania pomieszcze\u0144, plany tyflograficzne oraz panele z p\u0142yty kompozytowej, pozwalaj\u0105ce uzyska\u0107 informacji o rozk\u0142adzie pomieszcze\u0144 w spos\u00f3b wizualny i dotykowy. Dzi\u0119ki stworzeniu nagrania wideo w j\u0119zyku migowym (z dodanym d\u017awi\u0119kiem i tekstem) mo\u017cliwe by\u0142o przekazanie tre\u015bci o zakresie dzia\u0142alno\u015bci szko\u0142y, zwi\u0119kszaj\u0105c przy tym dost\u0119pno\u015b\u0107 \u00a0strony internetowej. Zakupiono te\u017c p\u0119tl\u0119 indukcyjn\u0105 do sekretariatu. Urz\u0105dzenie to pozwoli lepiej obs\u0142ugiwa\u0107 osoby s\u0142abos\u0142ysz\u0105ce. Wszystkie te dzia\u0142ania pozwoli\u0142y na zwi\u0119kszenie dost\u0119pno\u015bci dla os\u00f3b z r\u00f3\u017cnymi ograniczeniami. Projekt zosta\u0142 realizowany zgodnie z umow\u0105 PPA\/000018\/11\/D z 05.12.2023r. Szko\u0142a Podstawowa im. I. Krasickiego w Straszynie zobowi\u0105zuje si\u0119 zapewni\u0107 dost\u0119pno\u015b\u0107 swojej strony internetowej zgodnie z przepisami ustawy z dnia 4 kwietnia 2019 r. o dost\u0119pno\u015bci cyfrowej stron internetowych i aplikacji mobilnych podmiot\u00f3w publicznych. O\u015bwiadczenie w sprawie dost\u0119pno\u015bci ma zastosowanie do strony internetowej niniejszej plac\u00f3wki. Data publikacji strony internetowej: 2018-09-01 Data ostatniej istotnej aktualizacji: 2023-09-01 Status pod wzgl\u0119dem zgodno\u015bci z ustaw\u0105 Strona internetowa jest cz\u0119\u015bciowo zgodna z ustaw\u0105 o dost\u0119pno\u015bci cyfrowej stron internetowych i aplikacji mobilnych podmiot\u00f3w publicznych z powodu niezgodno\u015bci lub wy\u0142\u0105cze\u0144 wymienionych poni\u017cej. Tre\u015bci niedost\u0119pne Wybrane tre\u015bci mog\u0105 by\u0107 niezgodne z wytycznymi dla dost\u0119pno\u015bci tre\u015bci internetowych 2.1, w takim zakresie jak Postrzegalno\u015b\u0107 (m.in. brak dost\u0119pno\u015bci cz\u0119\u015bci medi\u00f3w zmiennych w czasie, cz\u0119\u015bciowy brak alternatywy w postaci tekstu, brak cz\u0119\u015bci u\u0142atwie\u0144 w percepcji tre\u015bci), funkcjonalno\u015b\u0107 (m.in. nie na wszystkich stronach wyst\u0119puje pe\u0142na dost\u0119pno\u015b\u0107 z klawiatury, pe\u0142nej dost\u0119pno\u015bci sposob\u00f3w wprowadzania danych), Przewidywalno\u015b\u0107 (m.in. niepe\u0142na jednolito\u015b\u0107 nawigacji i identyfikacji). Wy\u0142\u0105czenia Filmy i multimedia, kt\u00f3re zosta\u0142y opublikowane przed wej\u015bciem w \u017cycie ustawy. Przygotowanie ich pe\u0142nej dost\u0119pno\u015bci wi\u0105za\u0142oby si\u0119 z nadmiernym obci\u0105\u017ceniem dla podmiotu publicznego. Mapy s\u0105 wy\u0142\u0105czone z obowi\u0105zku zapewniania dost\u0119pno\u015bci. Przygotowanie deklaracji w sprawie dost\u0119pno\u015bci Deklaracj\u0119 sporz\u0105dzono dnia: 2019-09-01 Deklaracj\u0119 zosta\u0142a ostatnio poddana przegl\u0105dowi i aktualizacji dnia: 2026-02-20 Deklaracj\u0119 sporz\u0105dzono na podstawie samooceny. Skr\u00f3ty klawiszowe Na stronie internetowej mo\u017cna u\u017cywa\u0107 standardowych skr\u00f3t\u00f3w klawiaturowych przegl\u0105darki. Informacje zwrotne i dane kontaktowe Za rozpatrywanie uwag i wniosk\u00f3w odpowiada Dyrektor Plac\u00f3wki szkolastraszyn@gmail.com Telefon: 58 682-89-66 Ka\u017cdy ma prawo: zg\u0142osi\u0107 uwagi dotycz\u0105ce dost\u0119pno\u015bci cyfrowej strony lub jej elementu, zg\u0142osi\u0107 \u017c\u0105danie zapewnienia dost\u0119pno\u015bci cyfrowej strony lub jej elementu, wnioskowa\u0107 o udost\u0119pnienie niedost\u0119pnej informacji w innej alternatywnej formie. \u017b\u0105danie musi zawiera\u0107: dane kontaktowe osoby zg\u0142aszaj\u0105cej, wskazanie strony lub elementu strony, kt\u00f3rej dotyczy \u017c\u0105danie, wskazanie dogodnej formy udost\u0119pnienia informacji, je\u015bli \u017c\u0105danie dotyczy udost\u0119pnienia w formie alternatywnej informacji niedost\u0119pnej. Rozpatrzenie zg\u0142oszenia powinno nast\u0105pi\u0107 niezw\u0142ocznie, najp\u00f3\u017aniej w ci\u0105gu 7 dni. Je\u015bli w tym terminie zapewnienie dost\u0119pno\u015bci albo zapewnienie dost\u0119pu w alternatywnej formie nie jest mo\u017cliwe, powinno nast\u0105pi\u0107 najdalej w ci\u0105gu 2 miesi\u0119cy od daty zg\u0142oszenia. Skargi i odwo\u0142ania Na niedotrzymanie tych termin\u00f3w oraz na odmow\u0119 realizacji \u017c\u0105dania mo\u017cna z\u0142o\u017cy\u0107 skarg\u0119 do organu nadzoruj\u0105cego poczt\u0105 lub drog\u0105 elektroniczn\u0105 na adres: Organ nadzoruj\u0105cy: Gmina Pruszcz Gda\u0144ski Adres: ul. Zak\u0105tek 1, 83-000 Juszkowo Skarg\u0119 mo\u017cna z\u0142o\u017cy\u0107 r\u00f3wnie\u017c do Rzecznika Praw Obywatelskich. Dost\u0119pno\u015b\u0107 architektoniczna \u00a0 OPIS BUDYNKU PRZY UL. Starogardzkiej 48 Dojazd: Do siedziby mo\u017cna dotrze\u0107 autobusami gminnymi (Przewo\u017anik Albatros) i PKS Starogard. Rozk\u0142ad jazdy Transportu znajduje si\u0119 na stronach przewo\u017anik\u00f3w. Wok\u00f3\u0142 siedziby istniej\u0105 dwa darmowe parkingi. Opis og\u00f3lny budynku: Przed g\u0142\u00f3wnym wej\u015bciem do budynku znajduje si\u0119 wydzielone miejsce parkingowe dla os\u00f3b niepe\u0142nosprawnych oznaczone pionowo i poziomo. Jest jedno g\u0142\u00f3wne wej\u015bcie. W szkole znajduj\u0105 si\u0119 podjazdy dla os\u00f3b niepe\u0142nosprawnych oraz czynne dwie windy. Przy schodach znajduj\u0105 si\u0119 barierki. Wydzielone s\u0105 \u015bcie\u017cki ewakuacyjne z tabliczkami oraz \u015bwiat\u0142ami awaryjnymi. Dziennik Podawczy: Dziennik Podawczy znajduje si\u0119 w sekretariacie szko\u0142y. U\u0142atwienia Pomocy w kontakcie udzielaj\u0105 bezpo\u015brednio pracownicy szko\u0142y. W sekretariacie szko\u0142y znajduje si\u0119 p\u0119tla indukcyjna dla os\u00f3b z ograniczeniami s\u0142uchu. Na terenie szko\u0142y znajduj\u0105 si\u0119 dwie windy (w skrzydle A i w skrzydle C).<\/p>\n","protected":false},"author":1,"featured_media":0,"parent":0,"menu_order":0,"comment_status":"closed","ping_status":"closed","template":"","meta":{"footnotes":""},"class_list":["post-5565","page","type-page","status-publish","hentry"],"_links":{"self":[{"href":"https:\/\/szkolastraszyn.pruszczgdanski.pl\/index.php?rest_route=\/wp\/v2\/pages\/5565","targetHints":{"allow":["GET"]}}],"collection":[{"href":"https:\/\/szkolastraszyn.pruszczgdanski.pl\/index.php?rest_route=\/wp\/v2\/pages"}],"about":[{"href":"https:\/\/szkolastraszyn.pruszczgdanski.pl\/index.php?rest_route=\/wp\/v2\/types\/page"}],"author":[{"embeddable":true,"href":"https:\/\/szkolastraszyn.pruszczgdanski.pl\/index.php?rest_route=\/wp\/v2\/users\/1"}],"replies":[{"embeddable":true,"href":"https:\/\/szkolastraszyn.pruszczgdanski.pl\/index.php?rest_route=%2Fwp%2Fv2%2Fcomments&post=5565"}],"version-history":[{"count":82,"href":"https:\/\/szkolastraszyn.pruszczgdanski.pl\/index.php?rest_route=\/wp\/v2\/pages\/5565\/revisions"}],"predecessor-version":[{"id":14307,"href":"https:\/\/szkolastraszyn.pruszczgdanski.pl\/index.php?rest_route=\/wp\/v2\/pages\/5565\/revisions\/14307"}],"wp:attachment":[{"href":"https:\/\/szkolastraszyn.pruszczgdanski.pl\/index.php?rest_route=%2Fwp%2Fv2%2Fmedia&parent=5565"}],"curies":[{"name":"wp","href":"https:\/\/api.w.org\/{rel}","templated":true}]}}