{"id":4184,"date":"2020-06-01T10:28:31","date_gmt":"2020-06-01T10:28:31","guid":{"rendered":"http:\/\/szkolastraszyn.pruszczgdanski.pl\/?page_id=4184"},"modified":"2020-06-01T10:36:20","modified_gmt":"2020-06-01T10:36:20","slug":"dni-otwarte-szkol-srednich","status":"publish","type":"page","link":"https:\/\/szkolastraszyn.pruszczgdanski.pl\/?page_id=4184","title":{"rendered":"Dni otwarte szk\u00f3\u0142 \u015brednich"},"content":{"rendered":"\n<p class=\"has-text-align-center\"><strong>VIII Liceum w Gda\u0144sku<\/strong><\/p>\n\n\n\n<p>Grono Pedagogiczne i uczniowie VIII Liceum Og\u00f3lnokszta\u0142c\u0105cego im. KEN w Gda\u0144sku, maj\u0105 zaszczyt zaprosi\u0107 uczni\u00f3w szk\u00f3\u0142 podstawowych na Dzie\u0144 Otwarty \u00d3semki Online, kt\u00f3ry odb\u0119dzie si\u0119 3 czerwca 2020 r. od godziny 15.00 do\u00a0 17.00. W trakcie Dnia Otwartego go\u015bcie b\u0119d\u0105 mieli okazj\u0119 zapozna\u0107 si\u0119 z ofert\u0105 edukacyjn\u0105 na rok szkolny 2020\/2021 oraz dosta\u0107 odpowiedzi na zadane pytania. <\/p>\n\n\n\n<p class=\"has-text-align-center\"><strong>ZSR CKP w Rusocinie<\/strong><\/p>\n\n\n\n<p>Szanowni Pa\u0144stwo, w zwi\u0105zku z nowymi terminami rekrutacji wersje informatora opracowane dla ka\u017cdego zawodu znajduj\u0105 si\u0119 na stronie: <a href=\"https:\/\/zsrckp.edu.pl\/\">https:\/\/zsrckp.edu.pl\/<\/a><\/p>\n","protected":false},"excerpt":{"rendered":"<p>VIII Liceum w Gda\u0144sku Grono Pedagogiczne i uczniowie VIII Liceum Og\u00f3lnokszta\u0142c\u0105cego im. KEN w Gda\u0144sku, maj\u0105 zaszczyt zaprosi\u0107 uczni\u00f3w szk\u00f3\u0142 podstawowych na Dzie\u0144 Otwarty \u00d3semki Online, kt\u00f3ry odb\u0119dzie si\u0119 3 czerwca 2020 r. od godziny 15.00 do\u00a0 17.00. W trakcie Dnia Otwartego go\u015bcie b\u0119d\u0105 mieli okazj\u0119 zapozna\u0107 si\u0119 z ofert\u0105 edukacyjn\u0105 na rok szkolny 2020\/2021 oraz dosta\u0107 odpowiedzi na zadane pytania. ZSR CKP w Rusocinie Szanowni Pa\u0144stwo, w zwi\u0105zku z nowymi terminami rekrutacji wersje informatora opracowane dla ka\u017cdego zawodu znajduj\u0105 si\u0119 na stronie: https:\/\/zsrckp.edu.pl\/<\/p>\n","protected":false},"author":1,"featured_media":0,"parent":0,"menu_order":0,"comment_status":"closed","ping_status":"closed","template":"","meta":{"footnotes":""},"class_list":["post-4184","page","type-page","status-publish","hentry"],"_links":{"self":[{"href":"https:\/\/szkolastraszyn.pruszczgdanski.pl\/index.php?rest_route=\/wp\/v2\/pages\/4184","targetHints":{"allow":["GET"]}}],"collection":[{"href":"https:\/\/szkolastraszyn.pruszczgdanski.pl\/index.php?rest_route=\/wp\/v2\/pages"}],"about":[{"href":"https:\/\/szkolastraszyn.pruszczgdanski.pl\/index.php?rest_route=\/wp\/v2\/types\/page"}],"author":[{"embeddable":true,"href":"https:\/\/szkolastraszyn.pruszczgdanski.pl\/index.php?rest_route=\/wp\/v2\/users\/1"}],"replies":[{"embeddable":true,"href":"https:\/\/szkolastraszyn.pruszczgdanski.pl\/index.php?rest_route=%2Fwp%2Fv2%2Fcomments&post=4184"}],"version-history":[{"count":2,"href":"https:\/\/szkolastraszyn.pruszczgdanski.pl\/index.php?rest_route=\/wp\/v2\/pages\/4184\/revisions"}],"predecessor-version":[{"id":4188,"href":"https:\/\/szkolastraszyn.pruszczgdanski.pl\/index.php?rest_route=\/wp\/v2\/pages\/4184\/revisions\/4188"}],"wp:attachment":[{"href":"https:\/\/szkolastraszyn.pruszczgdanski.pl\/index.php?rest_route=%2Fwp%2Fv2%2Fmedia&parent=4184"}],"curies":[{"name":"wp","href":"https:\/\/api.w.org\/{rel}","templated":true}]}}