{"id":205,"date":"2018-02-16T13:48:25","date_gmt":"2018-02-16T13:48:25","guid":{"rendered":"http:\/\/szkolastraszyn.pruszczgdanski.pl\/?page_id=205"},"modified":"2025-09-30T12:25:19","modified_gmt":"2025-09-30T12:25:19","slug":"dokumenty-szkoly","status":"publish","type":"page","link":"https:\/\/szkolastraszyn.pruszczgdanski.pl\/?page_id=205","title":{"rendered":"DOKUMENTY SZKO\u0141Y"},"content":{"rendered":"\t\t<div data-elementor-type=\"wp-post\" data-elementor-id=\"205\" class=\"elementor elementor-205\">\n\t\t\t\t\t\t<section class=\"elementor-section elementor-top-section elementor-element elementor-element-bef7932 elementor-section-boxed elementor-section-height-default elementor-section-height-default\" data-id=\"bef7932\" data-element_type=\"section\" data-e-type=\"section\">\n\t\t\t\t\t\t<div class=\"elementor-container elementor-column-gap-default\">\n\t\t\t\t\t<div class=\"elementor-column elementor-col-100 elementor-top-column elementor-element elementor-element-7406f83\" data-id=\"7406f83\" data-element_type=\"column\" data-e-type=\"column\">\n\t\t\t<div class=\"elementor-widget-wrap\">\n\t\t\t\t\t\t\t<\/div>\n\t\t<\/div>\n\t\t\t\t\t<\/div>\n\t\t<\/section>\n\t\t\t\t<section class=\"elementor-section elementor-top-section elementor-element elementor-element-22f93af elementor-section-boxed elementor-section-height-default elementor-section-height-default\" data-id=\"22f93af\" data-element_type=\"section\" data-e-type=\"section\">\n\t\t\t\t\t\t<div class=\"elementor-container elementor-column-gap-default\">\n\t\t\t\t\t<div class=\"elementor-column elementor-col-100 elementor-top-column elementor-element elementor-element-748db1a\" data-id=\"748db1a\" data-element_type=\"column\" data-e-type=\"column\">\n\t\t\t<div class=\"elementor-widget-wrap elementor-element-populated\">\n\t\t\t\t\t\t<div class=\"elementor-element elementor-element-0468986 elementor-widget elementor-widget-text-editor\" data-id=\"0468986\" data-element_type=\"widget\" data-e-type=\"widget\" data-widget_type=\"text-editor.default\">\n\t\t\t\t<div class=\"elementor-widget-container\">\n\t\t\t\t\t\t\t\t\t<p style=\"text-align: center;\"><b>STATUT I INNE OBOWI\u0104ZUJ\u0104CE DOKUMENTY<\/b><\/p><p><a href=\"https:\/\/szkolastraszyn.pruszczgdanski.pl\/?attachment_id=13952\" rel=\"attachment wp-att-13952\">STATUT<\/a><\/p><p><a href=\"https:\/\/szkolastraszyn.pruszczgdanski.pl\/wp-content\/uploads\/2019\/05\/Warto\u015bci-i-normy-obowi\u0105zuj\u0105ce-w-szkole.docx\" target=\"_blank\" rel=\"noopener\">WARTO\u015aCI I NORMY OBOWI\u0104ZUJ\u0104CE W SZKOLE<\/a><\/p><p><a href=\"https:\/\/szkolastraszyn.pruszczgdanski.pl\/wp-content\/uploads\/2024\/09\/Polityka-ochrony-dzieci-przed-krzywdzeniem.pdf\">STANDARDY OCHRONY MA\u0141OLETNICH<\/a><\/p><p><a href=\"https:\/\/szkolastraszyn.pruszczgdanski.pl\/wp-content\/uploads\/2019\/05\/Bezpieczna-szko\u0142a.doc\" target=\"_blank\" rel=\"noopener\">BEZPIECZNA SZKO\u0141A<\/a><\/p>\t\t\t\t\t\t\t\t<\/div>\n\t\t\t\t<\/div>\n\t\t\t\t\t<\/div>\n\t\t<\/div>\n\t\t\t\t\t<\/div>\n\t\t<\/section>\n\t\t\t\t<section class=\"elementor-section elementor-top-section elementor-element elementor-element-c37fd9e elementor-section-boxed elementor-section-height-default elementor-section-height-default\" data-id=\"c37fd9e\" data-element_type=\"section\" data-e-type=\"section\">\n\t\t\t\t\t\t<div class=\"elementor-container elementor-column-gap-default\">\n\t\t\t\t\t<div class=\"elementor-column elementor-col-100 elementor-top-column elementor-element elementor-element-d57e014\" data-id=\"d57e014\" data-element_type=\"column\" data-e-type=\"column\">\n\t\t\t<div class=\"elementor-widget-wrap elementor-element-populated\">\n\t\t\t\t\t\t<div class=\"elementor-element elementor-element-b389cb1 elementor-widget elementor-widget-text-editor\" data-id=\"b389cb1\" data-element_type=\"widget\" data-e-type=\"widget\" data-widget_type=\"text-editor.default\">\n\t\t\t\t<div class=\"elementor-widget-container\">\n\t\t\t\t\t\t\t\t\t<p style=\"text-align: center;\"><b>REKRUTAC<a href=\"https:\/\/szkolastraszyn.pruszczgdanski.pl\/?attachment_id=13824\" rel=\"attachment wp-att-13824\">\u00a0<\/a>JA\/ZG\u0141OSZENIE DO SZKO\u0141Y<\/b><\/p><p><a href=\"https:\/\/szkolastraszyn.pruszczgdanski.pl\/?attachment_id=13824\" rel=\"attachment wp-att-13824\">ZG\u0141OSZENIE SP Straszyn 2025<\/a><\/p><p><a href=\"https:\/\/szkolastraszyn.pruszczgdanski.pl\/?attachment_id=13825\" rel=\"attachment wp-att-13825\">O\u015aWIADCZENIE WOLI PRZYJ\u0118CIA 2025<\/a><\/p><p><a href=\"https:\/\/szkolastraszyn.pruszczgdanski.pl\/?attachment_id=13826\" rel=\"attachment wp-att-13826\">O\u015aWIADCZENIE O MIEJSCU ZAMIESZKANIA 2025<\/a><\/p><p>\u00a0<\/p>\t\t\t\t\t\t\t\t<\/div>\n\t\t\t\t<\/div>\n\t\t\t\t\t<\/div>\n\t\t<\/div>\n\t\t\t\t\t<\/div>\n\t\t<\/section>\n\t\t\t\t<section class=\"elementor-section elementor-top-section elementor-element elementor-element-cb0183c elementor-section-boxed elementor-section-height-default elementor-section-height-default\" data-id=\"cb0183c\" data-element_type=\"section\" data-e-type=\"section\">\n\t\t\t\t\t\t<div class=\"elementor-container elementor-column-gap-default\">\n\t\t\t\t\t<div class=\"elementor-column elementor-col-100 elementor-top-column elementor-element elementor-element-a3e13d4\" data-id=\"a3e13d4\" data-element_type=\"column\" data-e-type=\"column\">\n\t\t\t<div class=\"elementor-widget-wrap elementor-element-populated\">\n\t\t\t\t\t\t<div class=\"elementor-element elementor-element-7eaab54 elementor-widget elementor-widget-text-editor\" data-id=\"7eaab54\" data-element_type=\"widget\" data-e-type=\"widget\" data-widget_type=\"text-editor.default\">\n\t\t\t\t<div class=\"elementor-widget-container\">\n\t\t\t\t\t\t\t\t\t<p style=\"text-align: center;\"><b>DOKUMENTY DOT. WYSTAWIANIA OCEN Z ZACHOWANIA<\/b><\/p><p><a href=\"https:\/\/szkolastraszyn.pruszczgdanski.pl\/?attachment_id=13783\" rel=\"attachment wp-att-13783\">KRYTERIA OCENY ZACHOWANIA UCZNI\u00d3W KLAS 4-8<\/a><\/p><p><a href=\"https:\/\/szkolastraszyn.pruszczgdanski.pl\/?attachment_id=13784\" rel=\"attachment wp-att-13784\">KARTA OCENY ZACHOWANIA UCZNI\u00d3W &#8211; NAUCZYCIELE<\/a><\/p><p><a href=\"https:\/\/szkolastraszyn.pruszczgdanski.pl\/?attachment_id=13785\" rel=\"attachment wp-att-13785\">MODEL UCZNIA<\/a><\/p><p><a href=\"https:\/\/szkolastraszyn.pruszczgdanski.pl\/?attachment_id=13787\" rel=\"attachment wp-att-13787\">KARTA SAMOOCENY UCZNIA<\/a><\/p>\t\t\t\t\t\t\t\t<\/div>\n\t\t\t\t<\/div>\n\t\t\t\t\t<\/div>\n\t\t<\/div>\n\t\t\t\t\t<\/div>\n\t\t<\/section>\n\t\t\t\t<section class=\"elementor-section elementor-top-section elementor-element elementor-element-1647b5c elementor-section-boxed elementor-section-height-default elementor-section-height-default\" data-id=\"1647b5c\" data-element_type=\"section\" data-e-type=\"section\">\n\t\t\t\t\t\t<div class=\"elementor-container elementor-column-gap-default\">\n\t\t\t\t\t<div class=\"elementor-column elementor-col-100 elementor-top-column elementor-element elementor-element-8f8ad7c\" data-id=\"8f8ad7c\" data-element_type=\"column\" data-e-type=\"column\">\n\t\t\t<div class=\"elementor-widget-wrap elementor-element-populated\">\n\t\t\t\t\t\t<div class=\"elementor-element elementor-element-9a7a39d elementor-widget elementor-widget-text-editor\" data-id=\"9a7a39d\" data-element_type=\"widget\" data-e-type=\"widget\" data-widget_type=\"text-editor.default\">\n\t\t\t\t<div class=\"elementor-widget-container\">\n\t\t\t\t\t\t\t\t\t<p style=\"text-align: center;\"><strong>LEGITYMACJE I KARTY ROWEROWE<\/strong><\/p><p><a href=\"https:\/\/szkolastraszyn.pruszczgdanski.pl\/wp-content\/uploads\/2018\/09\/Procedura-wydawania-duplikat\u00f3w-legitymacji-szkolnej-1.pdf\">PROCEDURA WYDAWANIA DUPLIKAT\u00d3W LEGITYMACJI<\/a><\/p><p><a href=\"https:\/\/szkolastraszyn.pruszczgdanski.pl\/wp-content\/uploads\/2021\/02\/wniosek-o-duplikat-legitymacji.pdf\" target=\"_blank\" rel=\"noopener\">WNIOSEK O DUPLIKAT LEGITYMACJI\/KARTY ROWEROWEJ<\/a><\/p><p><a href=\"https:\/\/szkolastraszyn.pruszczgdanski.pl\/wp-content\/uploads\/2018\/10\/karta_zaliczen.pdf\" target=\"_blank\" rel=\"noopener\">ARKUSZ ZALICZE\u0143 UCZNIA UBIEGAJ\u0104CEGO SI\u0118 O KART\u0118 ROWEROW\u0104<\/a><\/p>\t\t\t\t\t\t\t\t<\/div>\n\t\t\t\t<\/div>\n\t\t\t\t\t<\/div>\n\t\t<\/div>\n\t\t\t\t\t<\/div>\n\t\t<\/section>\n\t\t\t\t<section class=\"elementor-section elementor-top-section elementor-element elementor-element-70f6e5b elementor-section-boxed elementor-section-height-default elementor-section-height-default\" data-id=\"70f6e5b\" data-element_type=\"section\" data-e-type=\"section\">\n\t\t\t\t\t\t<div class=\"elementor-container elementor-column-gap-default\">\n\t\t\t\t\t<div class=\"elementor-column elementor-col-100 elementor-top-column elementor-element elementor-element-b853c9e\" data-id=\"b853c9e\" data-element_type=\"column\" data-e-type=\"column\">\n\t\t\t<div class=\"elementor-widget-wrap elementor-element-populated\">\n\t\t\t\t\t\t<div class=\"elementor-element elementor-element-fb7c474 elementor-widget elementor-widget-text-editor\" data-id=\"fb7c474\" data-element_type=\"widget\" data-e-type=\"widget\" data-widget_type=\"text-editor.default\">\n\t\t\t\t<div class=\"elementor-widget-container\">\n\t\t\t\t\t\t\t\t\t<p style=\"text-align: center;\"><strong>WNIOSKI<\/strong><\/p><p><a href=\"https:\/\/szkolastraszyn.pruszczgdanski.pl\/wp-content\/uploads\/2021\/05\/Wniosek-o-refundacje-dowozow.pdf\" target=\"_blank\" rel=\"noopener\">WNIOSEK O REFUNDACJ\u0118 DOWOZ\u00d3W<\/a>\u00a0<\/p>\t\t\t\t\t\t\t\t<\/div>\n\t\t\t\t<\/div>\n\t\t\t\t<div class=\"elementor-element elementor-element-c18bf79 elementor-widget elementor-widget-text-editor\" data-id=\"c18bf79\" data-element_type=\"widget\" data-e-type=\"widget\" data-widget_type=\"text-editor.default\">\n\t\t\t\t<div class=\"elementor-widget-container\">\n\t\t\t\t\t\t\t\t\t<p style=\"text-align: center;\"><strong>REGULAMINY<\/strong><\/p><p><a href=\"https:\/\/szkolastraszyn.pruszczgdanski.pl\/wp-content\/uploads\/2018\/10\/regulamin-p\u0142atno\u015bci-za-obiady.docx\" target=\"_blank\" rel=\"noopener\">REGULAMIN P\u0141ATNO\u015aCI ZA OBIADY<\/a><\/p><p><a href=\"https:\/\/szkolastraszyn.pruszczgdanski.pl\/wp-content\/uploads\/2019\/09\/REGULAMIN-BIBLIOTEKI.docx\" target=\"_blank\" rel=\"noopener\">REGULAMIN BIBLIOTEKI<\/a><\/p><p><a href=\"https:\/\/szkolastraszyn.pruszczgdanski.pl\/wp-content\/uploads\/2019\/09\/Szkolny-regulamin-wypo\u017cyczania-i-udost\u0119pniania.doc\" target=\"_blank\" rel=\"noopener\">SZKOLNY REGULAMIN WYPO\u017bYCZANIA I UDOST\u0118PNIANIA PODR\u0118CZNIK\u00d3W<\/a><\/p><p><a href=\"https:\/\/szkolastraszyn.pruszczgdanski.pl\/?attachment_id=13808\" rel=\"attachment wp-att-13808\">REGULAMIN \u015aWIETLICY SZKOLNEJ<\/a><\/p><p><a href=\"https:\/\/szkolastraszyn.pruszczgdanski.pl\/?attachment_id=13809\" rel=\"attachment wp-att-13809\">REGULAMIN DOWOZ\u00d3W SZKOLNYCH<\/a><\/p><p><a style=\"font-family: var( --e-global-typography-text-font-family ), Sans-serif; font-weight: var( --e-global-typography-text-font-weight ); background-color: #ffffff; letter-spacing: 0px;\" href=\"https:\/\/szkolastraszyn.pruszczgdanski.pl\/wp-content\/uploads\/2024\/01\/Wolontariat-regulamin-_1_-1.pdf\" target=\"_blank\" rel=\"noopener\">REGULAMIN WOLONTARIATU<\/a><\/p><p><a href=\"https:\/\/szkolastraszyn.pruszczgdanski.pl\/wp-content\/uploads\/2018\/09\/Regulamin-Samorz\u0105du-Uczniowskiego.pdf\" target=\"_blank\" rel=\"noopener\">REGULAMIN SAMORZ\u0104DU UCZNIOWSKIEGO<\/a><\/p><p><a href=\"https:\/\/szkolastraszyn.pruszczgdanski.pl\/wp-content\/uploads\/2020\/10\/regulamin-ZN-Straszyn.pdf\" target=\"_blank\" rel=\"noopener\">REGULAMIN NAUCZANIA ZDALNEGO<\/a><\/p>\t\t\t\t\t\t\t\t<\/div>\n\t\t\t\t<\/div>\n\t\t\t\t\t<\/div>\n\t\t<\/div>\n\t\t\t\t\t<\/div>\n\t\t<\/section>\n\t\t\t\t<section class=\"elementor-section elementor-top-section elementor-element elementor-element-de17de1 elementor-section-boxed elementor-section-height-default elementor-section-height-default\" data-id=\"de17de1\" data-element_type=\"section\" data-e-type=\"section\">\n\t\t\t\t\t\t<div class=\"elementor-container elementor-column-gap-default\">\n\t\t\t\t\t<div class=\"elementor-column elementor-col-100 elementor-top-column elementor-element elementor-element-570078b\" data-id=\"570078b\" data-element_type=\"column\" data-e-type=\"column\">\n\t\t\t<div class=\"elementor-widget-wrap elementor-element-populated\">\n\t\t\t\t\t\t<div class=\"elementor-element elementor-element-8ccfecf elementor-widget elementor-widget-text-editor\" data-id=\"8ccfecf\" data-element_type=\"widget\" data-e-type=\"widget\" data-widget_type=\"text-editor.default\">\n\t\t\t\t<div class=\"elementor-widget-container\">\n\t\t\t\t\t\t\t\t\t<p style=\"text-align: center;\"><strong>STYPENDIA<\/strong><\/p><p><a href=\"https:\/\/szkolastraszyn.pruszczgdanski.pl\/?attachment_id=12964\" rel=\"attachment wp-att-12964\">REGULAMIN PRZYZNAWANIA STYPENDIUM ZA OSI\u0104GNI\u0118CIA SPORTOWE<\/a><\/p><p><a href=\"https:\/\/szkolastraszyn.pruszczgdanski.pl\/wp-content\/uploads\/2020\/09\/wniosek-o-stypendium-sportowe.pdf\" target=\"_blank\" rel=\"noopener\">WNIOSEK O STYPENDIUM SPORTOWE<\/a><\/p><p><a href=\"https:\/\/szkolastraszyn.pruszczgdanski.pl\/?attachment_id=12976\" rel=\"attachment wp-att-12976\">REGULAMIN PRZYZNAWANIA STYPENDIUM ZA WYNIKI W NAUCE<\/a><\/p><p><a href=\"https:\/\/szkolastraszyn.pruszczgdanski.pl\/wp-content\/uploads\/2020\/09\/wniosek-o-stypendium-naukowe-1.pdf\" target=\"_blank\" rel=\"noopener\">WNIOSEK O STYPENDIUM NAUKOWE<\/a><\/p>\t\t\t\t\t\t\t\t<\/div>\n\t\t\t\t<\/div>\n\t\t\t\t\t<\/div>\n\t\t<\/div>\n\t\t\t\t\t<\/div>\n\t\t<\/section>\n\t\t\t\t<\/div>\n\t\t","protected":false},"excerpt":{"rendered":"<p>STATUT I INNE OBOWI\u0104ZUJ\u0104CE DOKUMENTY STATUT WARTO\u015aCI I NORMY OBOWI\u0104ZUJ\u0104CE W SZKOLE STANDARDY OCHRONY MA\u0141OLETNICH BEZPIECZNA SZKO\u0141A REKRUTAC\u00a0JA\/ZG\u0141OSZENIE DO SZKO\u0141Y ZG\u0141OSZENIE SP Straszyn 2025 O\u015aWIADCZENIE WOLI PRZYJ\u0118CIA 2025 O\u015aWIADCZENIE O MIEJSCU ZAMIESZKANIA 2025 \u00a0 DOKUMENTY DOT. WYSTAWIANIA OCEN Z ZACHOWANIA KRYTERIA OCENY ZACHOWANIA UCZNI\u00d3W KLAS 4-8 KARTA OCENY ZACHOWANIA UCZNI\u00d3W &#8211; NAUCZYCIELE MODEL UCZNIA KARTA SAMOOCENY UCZNIA LEGITYMACJE I KARTY ROWEROWE PROCEDURA WYDAWANIA DUPLIKAT\u00d3W LEGITYMACJI WNIOSEK O DUPLIKAT LEGITYMACJI\/KARTY ROWEROWEJ ARKUSZ ZALICZE\u0143 UCZNIA UBIEGAJ\u0104CEGO SI\u0118 O KART\u0118 ROWEROW\u0104 WNIOSKI WNIOSEK O REFUNDACJ\u0118 DOWOZ\u00d3W\u00a0 REGULAMINY REGULAMIN P\u0141ATNO\u015aCI ZA OBIADY REGULAMIN BIBLIOTEKI SZKOLNY REGULAMIN WYPO\u017bYCZANIA I UDOST\u0118PNIANIA PODR\u0118CZNIK\u00d3W REGULAMIN \u015aWIETLICY SZKOLNEJ REGULAMIN DOWOZ\u00d3W SZKOLNYCH REGULAMIN WOLONTARIATU REGULAMIN SAMORZ\u0104DU UCZNIOWSKIEGO REGULAMIN NAUCZANIA ZDALNEGO STYPENDIA REGULAMIN PRZYZNAWANIA STYPENDIUM ZA OSI\u0104GNI\u0118CIA SPORTOWE WNIOSEK O STYPENDIUM SPORTOWE REGULAMIN PRZYZNAWANIA STYPENDIUM ZA WYNIKI W NAUCE WNIOSEK O STYPENDIUM NAUKOWE<\/p>\n","protected":false},"author":1,"featured_media":0,"parent":0,"menu_order":0,"comment_status":"closed","ping_status":"closed","template":"","meta":{"footnotes":""},"class_list":["post-205","page","type-page","status-publish","hentry"],"_links":{"self":[{"href":"https:\/\/szkolastraszyn.pruszczgdanski.pl\/index.php?rest_route=\/wp\/v2\/pages\/205","targetHints":{"allow":["GET"]}}],"collection":[{"href":"https:\/\/szkolastraszyn.pruszczgdanski.pl\/index.php?rest_route=\/wp\/v2\/pages"}],"about":[{"href":"https:\/\/szkolastraszyn.pruszczgdanski.pl\/index.php?rest_route=\/wp\/v2\/types\/page"}],"author":[{"embeddable":true,"href":"https:\/\/szkolastraszyn.pruszczgdanski.pl\/index.php?rest_route=\/wp\/v2\/users\/1"}],"replies":[{"embeddable":true,"href":"https:\/\/szkolastraszyn.pruszczgdanski.pl\/index.php?rest_route=%2Fwp%2Fv2%2Fcomments&post=205"}],"version-history":[{"count":181,"href":"https:\/\/szkolastraszyn.pruszczgdanski.pl\/index.php?rest_route=\/wp\/v2\/pages\/205\/revisions"}],"predecessor-version":[{"id":13955,"href":"https:\/\/szkolastraszyn.pruszczgdanski.pl\/index.php?rest_route=\/wp\/v2\/pages\/205\/revisions\/13955"}],"wp:attachment":[{"href":"https:\/\/szkolastraszyn.pruszczgdanski.pl\/index.php?rest_route=%2Fwp%2Fv2%2Fmedia&parent=205"}],"curies":[{"name":"wp","href":"https:\/\/api.w.org\/{rel}","templated":true}]}}