{"id":157,"date":"2018-02-16T12:18:56","date_gmt":"2018-02-16T12:18:56","guid":{"rendered":"http:\/\/szkolastraszyn.pruszczgdanski.pl\/?page_id=157"},"modified":"2018-02-16T12:18:56","modified_gmt":"2018-02-16T12:18:56","slug":"stanislaw-cabaj-zalozyciel-szkoly","status":"publish","type":"page","link":"https:\/\/szkolastraszyn.pruszczgdanski.pl\/?page_id=157","title":{"rendered":"Stanis\u0142aw Cabaj &#8211; za\u0142o\u017cyciel szko\u0142y"},"content":{"rendered":"\t\t<div data-elementor-type=\"wp-page\" data-elementor-id=\"157\" class=\"elementor elementor-157 elementor-bc-flex-widget\">\n\t\t\t\t\t\t<section class=\"elementor-section elementor-top-section elementor-element elementor-element-bf0a028 elementor-section-boxed elementor-section-height-default elementor-section-height-default\" data-id=\"bf0a028\" data-element_type=\"section\" data-e-type=\"section\">\n\t\t\t\t\t\t<div class=\"elementor-container elementor-column-gap-default\">\n\t\t\t\t\t<div class=\"elementor-column elementor-col-100 elementor-top-column elementor-element elementor-element-bf9faa5\" data-id=\"bf9faa5\" data-element_type=\"column\" data-e-type=\"column\">\n\t\t\t<div class=\"elementor-widget-wrap elementor-element-populated\">\n\t\t\t\t\t\t<div class=\"elementor-element elementor-element-bb20908 elementor-position-left elementor-vertical-align-top elementor-widget elementor-widget-image-box\" data-id=\"bb20908\" data-element_type=\"widget\" data-e-type=\"widget\" data-widget_type=\"image-box.default\">\n\t\t\t\t<div class=\"elementor-widget-container\">\n\t\t\t\t\t<div class=\"elementor-image-box-wrapper\"><figure class=\"elementor-image-box-img\"><img fetchpriority=\"high\" decoding=\"async\" width=\"200\" height=\"325\" src=\"https:\/\/szkolastraszyn.pruszczgdanski.pl\/wp-content\/uploads\/2018\/02\/scabaj-1412148563.jpg\" class=\"attachment-full size-full wp-image-158\" alt=\"\" srcset=\"https:\/\/szkolastraszyn.pruszczgdanski.pl\/wp-content\/uploads\/2018\/02\/scabaj-1412148563.jpg 200w, https:\/\/szkolastraszyn.pruszczgdanski.pl\/wp-content\/uploads\/2018\/02\/scabaj-1412148563-185x300.jpg 185w\" sizes=\"(max-width: 200px) 100vw, 200px\" \/><\/figure><div class=\"elementor-image-box-content\"><h3 class=\"elementor-image-box-title\"><h1 style=\"font-size: 30px;margin-top: 20px;margin-bottom: 10px;, Arial, Tahoma, sans-serif;font-weight: 200;line-height: 1.1;font-style: normal;white-space: normal\">Stanis\u0142aw Cabaj - za\u0142o\u017cyciel szko\u0142y<\/h1><div><br><\/div><div class=\"content-subpage-utilities\" style=\"font-size: 12px;, Arial, Tahoma, sans-serif;font-style: normal;font-weight: 400;white-space: normal\"><div class=\"pull-left hidden-print\" style=\"border-left-width: initial;border-left-style: none\"><\/div><\/div><\/h3><p class=\"elementor-image-box-description\">Urodzi\u0142 si\u0119 1 maja 1906r w Potoku Du\u017cym, powiat J\u0119drzej\u00f3w, wojew\u00f3dztwo kieleckie.\nSzko\u0142\u0119 Podstawow\u0105 uko\u0144czy\u0142 w rodzinnej wiosce a Seminarium Nauczycielskie M\u0119skie w Pru\u017canach, woj. Brze\u015b\u0107 n. Bugiem w 1930 r. Pierwsz\u0105 posad\u0119 nauczycielsk\u0105 otrzyma\u0142 1 sierpnia 1930r w Kraglewiczach pow. Kos\u00f3w Poleski a ostatni\u0105 przed wojn\u0105 we Wrotnym powiat Pru\u017cany.\nPodczas okupacji pracowa\u0142 jako nauczyciel we wsi Daszk\u00f3w Du\u017cy pow. W\u0142oszczowa woj. kieleckie. Prowadzi\u0142 tajne nauczanie, by\u0142 tak\u017ce cz\u0142onkiem Komisji Egzaminacyjnej w powiecie W\u0142oszczowa.\nPo wyzwoleniu przeni\u00f3s\u0142 si\u0119 do Gda\u0144ska, gdzie od 1 sierpnia 1945 r obejmuje posad\u0119 nauczycielsk\u0105 w Jagatowie. Po dw\u00f3ch latach pracy przeni\u00f3s\u0142 si\u0119 do Straszyna pow. Gda\u0144ski, gdzie do dnia 1 wrze\u015bnia 1972r, do przej\u015bcia na emerytur\u0119, pracowa\u0142 jako dyrektor 8 klasowej Szko\u0142y Podstawowej. Z jego nazwiskiem nierozerwalnie zwi\u0105zana jest historia i rozw\u00f3j tej szko\u0142y. Dzi\u0119ki jego zaanga\u017cowaniu i inicjatywie zosta\u0142a wybudowana nowa szko\u0142a w Straszynie (otwarcie 23 stycznia 1965). W pami\u0119ci jego uczni\u00f3w pozosta\u0142 jako wz\u00f3r pracowito\u015bci i obowi\u0105zkowo\u015bci. Ca\u0142e swe pracowite \u017cycie po\u015bwi\u0119ci\u0142 temu co najpi\u0119kniejsze: kszta\u0142towaniu ludzkich postaw i charakter\u00f3w.\nZachowali\u015bmy te\u017c w naszej pami\u0119ci Koleg\u0119 Stanis\u0142awa jako aktywnego, oddanego i ofiarnego dzia\u0142acza spo\u0142ecznego. Przez wiele lat by\u0142 radnym Gromadzkiej i Powiatowej Rady Narodowej, \u0142awnikiem S\u0105du Powiatowego, dzia\u0142aczem FJN. W uznaniu jego zas\u0142ug w pracy spo\u0142ecznej i zawodowej odznaczony zostaje m.in. Z\u0142ot\u0105 Odznak\u0105 ZNP, Z\u0142otym Krzy\u017cem Zas\u0142ugi i Krzy\u017cem Kawalerskim Orderu Odrodzenia Polski.\nNawet po przej\u015bciu na emerytur\u0119 zawsze interesowa\u0142 si\u0119 szko\u0142\u0105 i \u015brodowiskiem. Bra\u0142 r\u00f3wnie\u017c udzia\u0142 w realizacji czyn\u00f3w na rzecz szko\u0142y.\nPozosta\u0142 w naszej pami\u0119ci jako cz\u0142owiek \u017cyczliwy i skromny, o g\u0142\u0119bokiej kulturze osobistej i prawdziwie etycznej postawie. Zachowali\u015bmy na zawsze pami\u0119\u0107 o cz\u0142owieku prawym, \u017carliwym patriocie, prawdziwym wychowawcy i nauczycielu. Zachowali\u015bmy pami\u0119\u0107 o tym czego dokona\u0142. Prawdziwa wielko\u015b\u0107 my\u015bli i czynu cz\u0142owieka nie ginie bowiem z jego \u015bmierci\u0105 ani nie maleje z up\u0142ywem czasu, lecz trwa a nawet ro\u015bnie.\n\nStanis\u0142aw Cabaj zmar\u0142 5 listopada 1979, pogrzeb odby\u0142 si\u0119 10 listopada na cmentarzu komunalnym w Sopocie.<\/p><\/div><\/div>\t\t\t\t<\/div>\n\t\t\t\t<\/div>\n\t\t\t\t\t<\/div>\n\t\t<\/div>\n\t\t\t\t\t<\/div>\n\t\t<\/section>\n\t\t\t\t<\/div>\n\t\t","protected":false},"excerpt":{"rendered":"<p>Stanis\u0142aw Cabaj &#8211; za\u0142o\u017cyciel szko\u0142y Urodzi\u0142 si\u0119 1 maja 1906r w Potoku Du\u017cym, powiat J\u0119drzej\u00f3w, wojew\u00f3dztwo kieleckie. Szko\u0142\u0119 Podstawow\u0105 uko\u0144czy\u0142 w rodzinnej wiosce a Seminarium Nauczycielskie M\u0119skie w Pru\u017canach, woj. Brze\u015b\u0107 n. Bugiem w 1930 r. Pierwsz\u0105 posad\u0119 nauczycielsk\u0105 otrzyma\u0142 1 sierpnia 1930r w Kraglewiczach pow. Kos\u00f3w Poleski a ostatni\u0105 przed wojn\u0105 we Wrotnym powiat Pru\u017cany. Podczas okupacji pracowa\u0142 jako nauczyciel we wsi Daszk\u00f3w Du\u017cy pow. W\u0142oszczowa woj. kieleckie. Prowadzi\u0142 tajne nauczanie, by\u0142 tak\u017ce cz\u0142onkiem Komisji Egzaminacyjnej w powiecie W\u0142oszczowa. Po wyzwoleniu przeni\u00f3s\u0142 si\u0119 do Gda\u0144ska, gdzie od 1 sierpnia 1945 r obejmuje posad\u0119 nauczycielsk\u0105 w Jagatowie. Po dw\u00f3ch latach pracy przeni\u00f3s\u0142 si\u0119 do Straszyna pow. Gda\u0144ski, gdzie do dnia 1 wrze\u015bnia 1972r, do przej\u015bcia na emerytur\u0119, pracowa\u0142 jako dyrektor 8 klasowej Szko\u0142y Podstawowej. Z jego nazwiskiem nierozerwalnie zwi\u0105zana jest historia i rozw\u00f3j tej szko\u0142y. Dzi\u0119ki jego zaanga\u017cowaniu i inicjatywie zosta\u0142a wybudowana nowa szko\u0142a w Straszynie (otwarcie 23 stycznia 1965). W pami\u0119ci jego uczni\u00f3w pozosta\u0142 jako wz\u00f3r pracowito\u015bci i obowi\u0105zkowo\u015bci. Ca\u0142e swe pracowite \u017cycie po\u015bwi\u0119ci\u0142 temu co najpi\u0119kniejsze: kszta\u0142towaniu ludzkich postaw i charakter\u00f3w. Zachowali\u015bmy te\u017c w naszej pami\u0119ci Koleg\u0119 Stanis\u0142awa jako aktywnego, oddanego i ofiarnego dzia\u0142acza spo\u0142ecznego. Przez wiele lat by\u0142 radnym Gromadzkiej i Powiatowej Rady Narodowej, \u0142awnikiem S\u0105du Powiatowego, dzia\u0142aczem FJN. W uznaniu jego zas\u0142ug w pracy spo\u0142ecznej i zawodowej odznaczony zostaje m.in. Z\u0142ot\u0105 Odznak\u0105 ZNP, Z\u0142otym Krzy\u017cem Zas\u0142ugi i Krzy\u017cem Kawalerskim Orderu Odrodzenia Polski. Nawet po przej\u015bciu na emerytur\u0119 zawsze interesowa\u0142 si\u0119 szko\u0142\u0105 i \u015brodowiskiem. Bra\u0142 r\u00f3wnie\u017c udzia\u0142 w realizacji czyn\u00f3w na rzecz szko\u0142y. Pozosta\u0142 w naszej pami\u0119ci jako cz\u0142owiek \u017cyczliwy i skromny, o g\u0142\u0119bokiej kulturze osobistej i prawdziwie etycznej postawie. Zachowali\u015bmy na zawsze pami\u0119\u0107 o cz\u0142owieku prawym, \u017carliwym patriocie, prawdziwym wychowawcy i nauczycielu. Zachowali\u015bmy pami\u0119\u0107 o tym czego dokona\u0142. Prawdziwa wielko\u015b\u0107 my\u015bli i czynu cz\u0142owieka nie ginie bowiem z jego \u015bmierci\u0105 ani nie maleje z up\u0142ywem czasu, lecz trwa a nawet ro\u015bnie. Stanis\u0142aw Cabaj zmar\u0142 5 listopada 1979, pogrzeb odby\u0142 si\u0119 10 listopada na cmentarzu komunalnym w Sopocie.<\/p>\n","protected":false},"author":1,"featured_media":0,"parent":0,"menu_order":0,"comment_status":"closed","ping_status":"closed","template":"","meta":{"footnotes":""},"class_list":["post-157","page","type-page","status-publish","hentry"],"_links":{"self":[{"href":"https:\/\/szkolastraszyn.pruszczgdanski.pl\/index.php?rest_route=\/wp\/v2\/pages\/157","targetHints":{"allow":["GET"]}}],"collection":[{"href":"https:\/\/szkolastraszyn.pruszczgdanski.pl\/index.php?rest_route=\/wp\/v2\/pages"}],"about":[{"href":"https:\/\/szkolastraszyn.pruszczgdanski.pl\/index.php?rest_route=\/wp\/v2\/types\/page"}],"author":[{"embeddable":true,"href":"https:\/\/szkolastraszyn.pruszczgdanski.pl\/index.php?rest_route=\/wp\/v2\/users\/1"}],"replies":[{"embeddable":true,"href":"https:\/\/szkolastraszyn.pruszczgdanski.pl\/index.php?rest_route=%2Fwp%2Fv2%2Fcomments&post=157"}],"version-history":[{"count":1,"href":"https:\/\/szkolastraszyn.pruszczgdanski.pl\/index.php?rest_route=\/wp\/v2\/pages\/157\/revisions"}],"predecessor-version":[{"id":159,"href":"https:\/\/szkolastraszyn.pruszczgdanski.pl\/index.php?rest_route=\/wp\/v2\/pages\/157\/revisions\/159"}],"wp:attachment":[{"href":"https:\/\/szkolastraszyn.pruszczgdanski.pl\/index.php?rest_route=%2Fwp%2Fv2%2Fmedia&parent=157"}],"curies":[{"name":"wp","href":"https:\/\/api.w.org\/{rel}","templated":true}]}}