{"id":12803,"date":"2024-11-04T08:06:51","date_gmt":"2024-11-04T08:06:51","guid":{"rendered":"https:\/\/szkolastraszyn.pruszczgdanski.pl\/?page_id=12803"},"modified":"2024-11-04T08:07:51","modified_gmt":"2024-11-04T08:07:51","slug":"szkola-odpowiedzialna-cyfrowo","status":"publish","type":"page","link":"https:\/\/szkolastraszyn.pruszczgdanski.pl\/?page_id=12803","title":{"rendered":"Szko\u0142a Odpowiedzialna Cyfrowo"},"content":{"rendered":"\t\t<div data-elementor-type=\"wp-page\" data-elementor-id=\"12803\" class=\"elementor elementor-12803\">\n\t\t\t\t\t\t<section class=\"elementor-section elementor-top-section elementor-element elementor-element-3a8b718 elementor-section-boxed elementor-section-height-default elementor-section-height-default\" data-id=\"3a8b718\" data-element_type=\"section\" data-e-type=\"section\">\n\t\t\t\t\t\t<div class=\"elementor-container elementor-column-gap-default\">\n\t\t\t\t\t<div class=\"elementor-column elementor-col-100 elementor-top-column elementor-element elementor-element-8747dba\" data-id=\"8747dba\" data-element_type=\"column\" data-e-type=\"column\">\n\t\t\t<div class=\"elementor-widget-wrap elementor-element-populated\">\n\t\t\t\t\t\t<div class=\"elementor-element elementor-element-abb7215 elementor-widget elementor-widget-text-editor\" data-id=\"abb7215\" data-element_type=\"widget\" data-e-type=\"widget\" data-widget_type=\"text-editor.default\">\n\t\t\t\t<div class=\"elementor-widget-container\">\n\t\t\t\t\t\t\t\t\t<h1><span style=\"color: #339966;\">Wa\u017cne informacje dla rodzic\u00f3w:<\/span><\/h1><h4><span style=\"color: #0000ff;\">Depresja to nie gorszy dzie\u0144. <span style=\"color: #ff0000;\"><a style=\"color: #ff0000;\" href=\"https:\/\/campaign-statistics.com\/link_click\/dRvkqq-D1JYKyK-YpKtn\/2fc52aa00fa08f958684f04139a234be\" target=\"_blank\" rel=\"2fc52aa00fa08f958684f04139a234be noopener\" data-saferedirecturl=\"https:\/\/www.google.com\/url?q=https:\/\/campaign-statistics.com\/link_click\/dRvkqq-D1JYKyK-YpKtn\/2fc52aa00fa08f958684f04139a234be&amp;source=gmail&amp;ust=1730792993496000&amp;usg=AOvVaw2GrzzFPIL0tPuQoxBX1DRh\">https:\/\/<wbr \/>dobrzezejestes.org\/<\/a><\/span>\u00a0<\/span><\/h4><h4><span style=\"color: #0000ff;\">Znajdziecie tam webinary podcasty i poradniki o depresji.\u00a0<\/span><\/h4><p>\u00a0<\/p><p>\u00a0<\/p><h4><span style=\"color: #339966;\">Szanowni Pa\u0144stwo,<\/span><\/h4><h4><span style=\"color: #339966;\">miasto Gda\u0144sk oraz fundacja Dbam o M\u00f3j Zasi\u0119g maj\u0105 przyjemno\u015b\u0107 zaprosi\u0107 Pa\u0144stwa na bezp\u0142atny webinar, kt\u00f3ry poprowadzi <span style=\"color: #003366;\">Pani dr Halszka Witkowska<\/span>.<\/span><\/h4><h4><span style=\"color: #339966;\">TEMAT WEBINARU: <span style=\"color: #00ccff;\">Internet a zachowania samob\u00f3jcze m\u0142odzie\u017cy \u2013 zrozumie\u0107 aby zapobiec<\/span><\/span><\/h4><h4><span style=\"color: #339966;\">DATA WEBINARU: 04 LISTOPADA 2024; GODZINA 19:00 \u2013 20:30<\/span><\/h4><h4><span style=\"color: #339966;\">CZAS TRWANIA: 90 minut<\/span><\/h4><h4><span style=\"color: #339966;\">LINK DO WEBINARU (BEZ MO\u017bLIWO\u015aCI WCZE\u015aNIEJSZYCH ZAPIS\u00d3W):\u00a0<a style=\"color: #339966;\" href=\"https:\/\/campaign-statistics.com\/link_click\/e9vXVB-D1JYKyK-2FmR2k\/78002d15b7762f6b03e048575567dbd8\" target=\"_blank\" rel=\"78002d15b7762f6b03e048575567dbd8 noopener\" data-saferedirecturl=\"https:\/\/www.google.com\/url?q=https:\/\/campaign-statistics.com\/link_click\/e9vXVB-D1JYKyK-2FmR2k\/78002d15b7762f6b03e048575567dbd8&amp;source=gmail&amp;ust=1730792992231000&amp;usg=AOvVaw3lZbHYp35QJjlqBD-XHAn6\">https:\/\/<wbr \/>fundacjadbamomojzasieg.<wbr \/>clickmeeting.com\/internet-a-<wbr \/>zachowania-samobojcze-<wbr \/>mlodziezy-gdanski-kod-<wbr \/>rodzicielski<\/a><\/span><\/h4><h4><span style=\"color: #339966;\">Ilo\u015b\u0107 miejsc ograniczona, webinar zostanie nagrany, osoby bior\u0105ce udzia\u0142 w webinarze dostan\u0105 certyfikaty uczestnictwa.\u00a0<\/span><\/h4><h4><span style=\"color: #339966;\">O czym b\u0119dziemy rozmawia\u0107? Poni\u017cej tematyka webinaru:<\/span><\/h4><ol><li><h4><span style=\"color: #339966;\">Wzrost zachowa\u0144 samob\u00f3jczych w\u015br\u00f3d m\u0142odzie\u017cy \u2013 co pokazuj\u0105 dane?<\/span><\/h4><\/li><li><h4><span style=\"color: #339966;\">Om\u00f3wienie podstawowych statystyk i zrozumienie ich<\/span><\/h4><\/li><li><h4><span style=\"color: #339966;\">Czy mamy do czynienia z \u201eepidemi\u0105\u201d?<\/span><\/h4><\/li><li><h4><span style=\"color: #339966;\">Co wywo\u0142uje kryzys samob\u00f3jczy?<\/span><\/h4><\/li><li><h4><span style=\"color: #339966;\">Czynniki ryzyka i czynniki chroni\u0105ce<\/span><\/h4><\/li><li><h4><span style=\"color: #339966;\">Kryzys samob\u00f3jczy \u2013 na czym polega?<\/span><\/h4><\/li><li><h4><span style=\"color: #339966;\">Alkohol, internet, przemoc r\u00f3wie\u015bnicza \u2013 jak maj\u0105 si\u0119 do zachowa\u0144 samob\u00f3jczych nastolatk\u00f3w?<\/span><\/h4><\/li><li><h4><span style=\"color: #339966;\">Alkohol a kryzys samob\u00f3jczy<\/span><\/h4><\/li><li><h4><span style=\"color: #339966;\">Przemoc r\u00f3wie\u015bnicza i jej wp\u0142yw na kryzys dziecka<\/span><\/h4><\/li><li><h4><span style=\"color: #339966;\">Zmiany w korzystaniu z internetu, jak przebiegaj\u0105 i co ma wp\u0142yw?<\/span><\/h4><\/li><li><h4><span style=\"color: #339966;\">Internet i jego wp\u0142yw na zachowania samob\u00f3jcze w\u015br\u00f3d m\u0142odzie\u017cy<\/span><\/h4><\/li><li><h4><span style=\"color: #339966;\">Wp\u0142yw bezpo\u015bredni<\/span><\/h4><\/li><li><h4><span style=\"color: #339966;\">Wp\u0142yw po\u015bredni<\/span><\/h4><\/li><li><h4><span style=\"color: #339966;\">Pomocna strona internetu<\/span><\/h4><\/li><li><h4><span style=\"color: #339966;\">Jakie czynniki chroni\u0105ce s\u0105 w internecie<\/span><\/h4><\/li><li><h4><span style=\"color: #339966;\">Gdzie w sieci znale\u017a\u0107 profesjonaln\u0105 pomoc i wsparcie<\/span><\/h4><\/li><\/ol><h4><span style=\"color: #339966;\">Serdecznie zapraszamy<\/span><\/h4><h4><span style=\"color: #339966;\">z pozdrowieniami<\/span><\/h4><h4><span style=\"color: #339966;\">dr Maciej D\u0119bski<\/span><\/h4><h4>\u00a0<\/h4><h4><span style=\"color: #993366;\">Mi\u0142o nam og\u0142osi\u0107, \u017ce miasto Gda\u0144sk oraz fundacja Dbam o M\u00f3j Zasi\u0119g formalnie rozpoczynaj\u0105 projekt skierowany do rodzic\u00f3w pt. GDA\u0143SKI KOD RODZICIELSKI. Uruchomiona zosta\u0142a strona internetowa, na kt\u00f3rej b\u0119dziemy na bie\u017c\u0105co dzieli\u0107 si\u0119 wiedz\u0105 eksperck\u0105 z zakresu rodzicielstwa, wi\u0119zi, relacji, depresji i innych problem\u00f3w. Wejd\u017acie na\u00a0<a style=\"color: #993366;\" href=\"https:\/\/campaign-statistics.com\/link_click\/egW5Zr-D1JYKyK-2h4Zgm\/3d6ddfd42c7c92bd4cddafda8fb3ea67\" target=\"_blank\" rel=\"3d6ddfd42c7c92bd4cddafda8fb3ea67 noopener\" data-saferedirecturl=\"https:\/\/www.google.com\/url?q=https:\/\/campaign-statistics.com\/link_click\/egW5Zr-D1JYKyK-2h4Zgm\/3d6ddfd42c7c92bd4cddafda8fb3ea67&amp;source=gmail&amp;ust=1730792994979000&amp;usg=AOvVaw0-6-iXOiLNcyWBLptRtSe7\">https:\/\/<wbr \/>gdanskikodrodzicielski&#8230;<\/a>\u00a0i zobaczcie, co ju\u017c mamy zrobione. P\u00f3ki co\u00a0naszymi ekspertami w projekcie s\u0105 nast\u0119puj\u0105ce osoby, ale oczywi\u015bcie w kolejnych ods\u0142onach projektu b\u0119d\u0105 do\u0142\u0105cza\u0107 do nas nowi eksperci:<\/span><\/h4><h4><span style=\"color: #993366;\">1. Joanna Flis<\/span><\/h4><h4><span style=\"color: #993366;\">2. Wojciech Glac<\/span><\/h4><h4><span style=\"color: #993366;\">3. Tomasz Bilicki<\/span><\/h4><h4><span style=\"color: #993366;\">4. Karolina Wysoki\u0144ska<\/span><\/h4><h4><span style=\"color: #993366;\">5. Halszka Witkowska<\/span><\/h4><h4><span style=\"color: #993366;\">6. Maciej D\u0119bski<\/span><\/h4><h4><span style=\"color: #993366;\">Tutaj b\u0119dziesz mia\u0142\/a dost\u0119p do eksperckich podcast\u00f3w:\u00a0<span style=\"color: #99cc00;\"><a style=\"color: #99cc00;\" href=\"https:\/\/campaign-statistics.com\/link_click\/egW5Zr-D1JYKyK-2h4Zgm\/3f7a091804177c51c443a4ee6fc00a7e\" target=\"_blank\" rel=\"3f7a091804177c51c443a4ee6fc00a7e noopener\" data-saferedirecturl=\"https:\/\/www.google.com\/url?q=https:\/\/campaign-statistics.com\/link_click\/egW5Zr-D1JYKyK-2h4Zgm\/3f7a091804177c51c443a4ee6fc00a7e&amp;source=gmail&amp;ust=1730792994979000&amp;usg=AOvVaw0rI43PGedthgMG6FqSnsld\">https:\/\/<wbr \/>gdanskikodrodzicielski&#8230;<\/a><\/span><\/span><\/h4><h4><span style=\"color: #993366;\">Tutaj mo\u017cesz bra\u0107 udzia\u0142 w darmowych webinarach. Pierwszy ju\u017c 4 listopada w poniedzia\u0142ek:\u00a0<span style=\"color: #99cc00;\"><a style=\"color: #99cc00;\" href=\"https:\/\/campaign-statistics.com\/link_click\/egW5Zr-D1JYKyK-2h4Zgm\/62e0f79671772c47d639013fcda1ef17\" target=\"_blank\" rel=\"62e0f79671772c47d639013fcda1ef17 noopener\" data-saferedirecturl=\"https:\/\/www.google.com\/url?q=https:\/\/campaign-statistics.com\/link_click\/egW5Zr-D1JYKyK-2h4Zgm\/62e0f79671772c47d639013fcda1ef17&amp;source=gmail&amp;ust=1730792994979000&amp;usg=AOvVaw3L_b7oFNqwzWsGFHeXVg76\">https:\/\/<wbr \/>gdanskikodrodzicielski&#8230;<\/a><\/span><\/span><\/h4><h4><span style=\"color: #993366;\">\u00a0<\/span><\/h4>\t\t\t\t\t\t\t\t<\/div>\n\t\t\t\t<\/div>\n\t\t\t\t\t<\/div>\n\t\t<\/div>\n\t\t\t\t\t<\/div>\n\t\t<\/section>\n\t\t\t\t<\/div>\n\t\t","protected":false},"excerpt":{"rendered":"<p>Wa\u017cne informacje dla rodzic\u00f3w: Depresja to nie gorszy dzie\u0144. https:\/\/dobrzezejestes.org\/\u00a0 Znajdziecie tam webinary podcasty i poradniki o depresji.\u00a0 \u00a0 \u00a0 Szanowni Pa\u0144stwo, miasto Gda\u0144sk oraz fundacja Dbam o M\u00f3j Zasi\u0119g maj\u0105 przyjemno\u015b\u0107 zaprosi\u0107 Pa\u0144stwa na bezp\u0142atny webinar, kt\u00f3ry poprowadzi Pani dr Halszka Witkowska. TEMAT WEBINARU: Internet a zachowania samob\u00f3jcze m\u0142odzie\u017cy \u2013 zrozumie\u0107 aby zapobiec DATA WEBINARU: 04 LISTOPADA 2024; GODZINA 19:00 \u2013 20:30 CZAS TRWANIA: 90 minut LINK DO WEBINARU (BEZ MO\u017bLIWO\u015aCI WCZE\u015aNIEJSZYCH ZAPIS\u00d3W):\u00a0https:\/\/fundacjadbamomojzasieg.clickmeeting.com\/internet-a-zachowania-samobojcze-mlodziezy-gdanski-kod-rodzicielski Ilo\u015b\u0107 miejsc ograniczona, webinar zostanie nagrany, osoby bior\u0105ce udzia\u0142 w webinarze dostan\u0105 certyfikaty uczestnictwa.\u00a0 O czym b\u0119dziemy rozmawia\u0107? Poni\u017cej tematyka webinaru: Wzrost zachowa\u0144 samob\u00f3jczych w\u015br\u00f3d m\u0142odzie\u017cy \u2013 co pokazuj\u0105 dane? Om\u00f3wienie podstawowych statystyk i zrozumienie ich Czy mamy do czynienia z \u201eepidemi\u0105\u201d? Co wywo\u0142uje kryzys samob\u00f3jczy? Czynniki ryzyka i czynniki chroni\u0105ce Kryzys samob\u00f3jczy \u2013 na czym polega? Alkohol, internet, przemoc r\u00f3wie\u015bnicza \u2013 jak maj\u0105 si\u0119 do zachowa\u0144 samob\u00f3jczych nastolatk\u00f3w? Alkohol a kryzys samob\u00f3jczy Przemoc r\u00f3wie\u015bnicza i jej wp\u0142yw na kryzys dziecka Zmiany w korzystaniu z internetu, jak przebiegaj\u0105 i co ma wp\u0142yw? Internet i jego wp\u0142yw na zachowania samob\u00f3jcze w\u015br\u00f3d m\u0142odzie\u017cy Wp\u0142yw bezpo\u015bredni Wp\u0142yw po\u015bredni Pomocna strona internetu Jakie czynniki chroni\u0105ce s\u0105 w internecie Gdzie w sieci znale\u017a\u0107 profesjonaln\u0105 pomoc i wsparcie Serdecznie zapraszamy z pozdrowieniami dr Maciej D\u0119bski \u00a0 Mi\u0142o nam og\u0142osi\u0107, \u017ce miasto Gda\u0144sk oraz fundacja Dbam o M\u00f3j Zasi\u0119g formalnie rozpoczynaj\u0105 projekt skierowany do rodzic\u00f3w pt. GDA\u0143SKI KOD RODZICIELSKI. Uruchomiona zosta\u0142a strona internetowa, na kt\u00f3rej b\u0119dziemy na bie\u017c\u0105co dzieli\u0107 si\u0119 wiedz\u0105 eksperck\u0105 z zakresu rodzicielstwa, wi\u0119zi, relacji, depresji i innych problem\u00f3w. Wejd\u017acie na\u00a0https:\/\/gdanskikodrodzicielski&#8230;\u00a0i zobaczcie, co ju\u017c mamy zrobione. P\u00f3ki co\u00a0naszymi ekspertami w projekcie s\u0105 nast\u0119puj\u0105ce osoby, ale oczywi\u015bcie w kolejnych ods\u0142onach projektu b\u0119d\u0105 do\u0142\u0105cza\u0107 do nas nowi eksperci: 1. Joanna Flis 2. Wojciech Glac 3. Tomasz Bilicki 4. Karolina Wysoki\u0144ska 5. Halszka Witkowska 6. Maciej D\u0119bski Tutaj b\u0119dziesz mia\u0142\/a dost\u0119p do eksperckich podcast\u00f3w:\u00a0https:\/\/gdanskikodrodzicielski&#8230; Tutaj mo\u017cesz bra\u0107 udzia\u0142 w darmowych webinarach. Pierwszy ju\u017c 4 listopada w poniedzia\u0142ek:\u00a0https:\/\/gdanskikodrodzicielski&#8230; \u00a0<\/p>\n","protected":false},"author":1,"featured_media":0,"parent":0,"menu_order":0,"comment_status":"closed","ping_status":"closed","template":"","meta":{"footnotes":""},"class_list":["post-12803","page","type-page","status-publish","hentry"],"_links":{"self":[{"href":"https:\/\/szkolastraszyn.pruszczgdanski.pl\/index.php?rest_route=\/wp\/v2\/pages\/12803","targetHints":{"allow":["GET"]}}],"collection":[{"href":"https:\/\/szkolastraszyn.pruszczgdanski.pl\/index.php?rest_route=\/wp\/v2\/pages"}],"about":[{"href":"https:\/\/szkolastraszyn.pruszczgdanski.pl\/index.php?rest_route=\/wp\/v2\/types\/page"}],"author":[{"embeddable":true,"href":"https:\/\/szkolastraszyn.pruszczgdanski.pl\/index.php?rest_route=\/wp\/v2\/users\/1"}],"replies":[{"embeddable":true,"href":"https:\/\/szkolastraszyn.pruszczgdanski.pl\/index.php?rest_route=%2Fwp%2Fv2%2Fcomments&post=12803"}],"version-history":[{"count":3,"href":"https:\/\/szkolastraszyn.pruszczgdanski.pl\/index.php?rest_route=\/wp\/v2\/pages\/12803\/revisions"}],"predecessor-version":[{"id":12807,"href":"https:\/\/szkolastraszyn.pruszczgdanski.pl\/index.php?rest_route=\/wp\/v2\/pages\/12803\/revisions\/12807"}],"wp:attachment":[{"href":"https:\/\/szkolastraszyn.pruszczgdanski.pl\/index.php?rest_route=%2Fwp%2Fv2%2Fmedia&parent=12803"}],"curies":[{"name":"wp","href":"https:\/\/api.w.org\/{rel}","templated":true}]}}